{"id":3980,"date":"2016-08-10T10:54:00","date_gmt":"2016-08-10T07:54:00","guid":{"rendered":"https:\/\/pyrodigy.com\/about-us\/"},"modified":"2023-04-13T21:25:39","modified_gmt":"2023-04-13T18:25:39","slug":"about-us","status":"publish","type":"page","link":"https:\/\/pyrodigy.com\/en\/about-us\/","title":{"rendered":"About Us"},"content":{"rendered":"<p>[vc_row css=&#8221;.vc_custom_1599756303024{padding-top: 40px !important;}&#8221;][vc_column][insight_about animation=&#8221;&#8221; image=&#8221;2268&#8243; carousel_images=&#8221;3021,2960,2945&#8243; title=&#8221;PYRODIGY&#8221; css=&#8221;.vc_custom_1602186237586{margin-bottom: 40px !important;}&#8221;]Pyrodigy Production team has been serving in Turkey and abroad for 16 years, as a company that designs and performs special visual shows in Protechnic Shows, laser shows, professional fireworks shows, water and fire shows, and live performances.<\/p>\n<p>Our vision is to have a new generation show team that has adopted the principle of professionalism, quality, use of the latest technology, and keeping safety in the foreground, most importantly.<\/p>\n<p>Our mission is to provide 100% customer satisfaction, and &#8220;quality&#8221; is one of our fundamental principles. We perform our shows through perfect timing and unique combinations. We are assertive in the sector thanks to our experiences gained both inland and abroad.<br \/>\n[\/insight_about][\/vc_column][\/vc_row][vc_row full_width=&#8221;stretch_row_content_no_spaces&#8221;][vc_column][vc_separator color=&#8221;custom&#8221; accent_color=&#8221;#f5f3f0&#8243; css=&#8221;.vc_custom_1471249327590{margin-top: 97px !important;}&#8221;][\/vc_column][\/vc_row][vc_row][vc_column css=&#8221;.vc_custom_1471249337540{padding-top: 0px !important;}&#8221;][insight_carousel autoplay=&#8221;yes&#8221; slides_per_row=&#8221;5&#8243; images=&#8221;3153,3155,3160,3162,3164,3165,3167,3169,3170&#8243; css=&#8221;.vc_custom_1602185480514{padding-top: 18px !important;padding-bottom: 18px !important;}&#8221;][\/vc_column][\/vc_row]<\/p>\n","protected":false},"excerpt":{"rendered":"<p>[vc_row css=&#8221;.vc_custom_1599756303024{padding-top: 40px !important;}&#8221;][vc_column][insight_about animation=&#8221;&#8221; image=&#8221;2268&#8243; carousel_images=&#8221;3021,2960,2945&#8243; title=&#8221;PYRODIGY&#8221; css=&#8221;.vc_custom_1602186237586{margin-bottom: 40px !important;}&#8221;]Pyrodigy Production team has been serving in Turkey and abroad for 16 years, as a company that designs and performs special visual shows in Protechnic Shows, laser shows, professional fireworks shows, water and fire shows, and live performances. Our vision is to have a new&#8230;<\/p>\n","protected":false},"author":1,"featured_media":0,"parent":0,"menu_order":0,"comment_status":"closed","ping_status":"closed","template":"","meta":[],"yoast_head":"<!-- This site is optimized with the Yoast SEO plugin v15.3 - https:\/\/yoast.com\/wordpress\/plugins\/seo\/ -->\n<title>About Us | Pyrodigy Technical Production | Ger\u00e7ekli\u011fin \u00d6tesinde<\/title>\n<meta name=\"description\" content=\"Pyrodigy Production ekibi olarak 16 y\u0131ld\u0131r T\u00fcrkiye ve Yurtd\u0131\u015f\u0131na hizmet vermekteyiz. Misyonumuz; 0 m\u00fc\u015fteri memnuniyeti sa\u011flamak.\" \/>\n<meta name=\"robots\" content=\"index, follow, max-snippet:-1, max-image-preview:large, max-video-preview:-1\" \/>\n<link rel=\"canonical\" href=\"https:\/\/pyrodigy.com\/en\/about-us\/\" \/>\n<meta property=\"og:locale\" content=\"en_US\" \/>\n<meta property=\"og:type\" content=\"article\" \/>\n<meta property=\"og:title\" content=\"About Us | Pyrodigy Technical Production | Ger\u00e7ekli\u011fin \u00d6tesinde\" \/>\n<meta property=\"og:description\" content=\"Pyrodigy Production ekibi olarak 16 y\u0131ld\u0131r T\u00fcrkiye ve Yurtd\u0131\u015f\u0131na hizmet vermekteyiz. Misyonumuz; 0 m\u00fc\u015fteri memnuniyeti sa\u011flamak.\" \/>\n<meta property=\"og:url\" content=\"https:\/\/pyrodigy.com\/en\/about-us\/\" \/>\n<meta property=\"og:site_name\" content=\"Pyrodigy Technical Production\" \/>\n<meta property=\"article:modified_time\" content=\"2023-04-13T18:25:39+00:00\" \/>\n<meta name=\"twitter:card\" content=\"summary_large_image\" \/>\n<meta name=\"twitter:label1\" content=\"Written by\">\n\t<meta name=\"twitter:data1\" content=\"admin\">\n\t<meta name=\"twitter:label2\" content=\"Est. reading time\">\n\t<meta name=\"twitter:data2\" content=\"1 minute\">\n<script type=\"application\/ld+json\" class=\"yoast-schema-graph\">{\"@context\":\"https:\/\/schema.org\",\"@graph\":[{\"@type\":\"Organization\",\"@id\":\"https:\/\/pyrodigy.com\/#organization\",\"name\":\"Pyrodigy Technical Production\",\"url\":\"https:\/\/pyrodigy.com\/\",\"sameAs\":[],\"logo\":{\"@type\":\"ImageObject\",\"@id\":\"https:\/\/pyrodigy.com\/#logo\",\"inLanguage\":\"en-US\",\"url\":\"https:\/\/pyrodigy.com\/wp-content\/uploads\/2012\/06\/pyrodigy-logo.png\",\"width\":319,\"height\":109,\"caption\":\"Pyrodigy Technical Production\"},\"image\":{\"@id\":\"https:\/\/pyrodigy.com\/#logo\"}},{\"@type\":\"WebSite\",\"@id\":\"https:\/\/pyrodigy.com\/#website\",\"url\":\"https:\/\/pyrodigy.com\/\",\"name\":\"Pyrodigy Technical Production\",\"description\":\"Ger\\u00e7ekli\\u011fin \\u00d6tesinde\",\"publisher\":{\"@id\":\"https:\/\/pyrodigy.com\/#organization\"},\"potentialAction\":[{\"@type\":\"SearchAction\",\"target\":\"https:\/\/pyrodigy.com\/?s={search_term_string}\",\"query-input\":\"required name=search_term_string\"}],\"inLanguage\":\"en-US\"},{\"@type\":\"WebPage\",\"@id\":\"https:\/\/pyrodigy.com\/en\/about-us\/#webpage\",\"url\":\"https:\/\/pyrodigy.com\/en\/about-us\/\",\"name\":\"About Us | Pyrodigy Technical Production | Ger\\u00e7ekli\\u011fin \\u00d6tesinde\",\"isPartOf\":{\"@id\":\"https:\/\/pyrodigy.com\/#website\"},\"datePublished\":\"2016-08-10T07:54:00+00:00\",\"dateModified\":\"2023-04-13T18:25:39+00:00\",\"description\":\"Pyrodigy Production ekibi olarak 16 y\\u0131ld\\u0131r T\\u00fcrkiye ve Yurtd\\u0131\\u015f\\u0131na hizmet vermekteyiz. Misyonumuz; 0 m\\u00fc\\u015fteri memnuniyeti sa\\u011flamak.\",\"breadcrumb\":{\"@id\":\"https:\/\/pyrodigy.com\/en\/about-us\/#breadcrumb\"},\"inLanguage\":\"en-US\",\"potentialAction\":[{\"@type\":\"ReadAction\",\"target\":[\"https:\/\/pyrodigy.com\/en\/about-us\/\"]}]},{\"@type\":\"BreadcrumbList\",\"@id\":\"https:\/\/pyrodigy.com\/en\/about-us\/#breadcrumb\",\"itemListElement\":[{\"@type\":\"ListItem\",\"position\":1,\"item\":{\"@type\":\"WebPage\",\"@id\":\"https:\/\/pyrodigy.com\/\",\"url\":\"https:\/\/pyrodigy.com\/\",\"name\":\"Ana sayfa\"}},{\"@type\":\"ListItem\",\"position\":2,\"item\":{\"@type\":\"WebPage\",\"@id\":\"https:\/\/pyrodigy.com\/en\/about-us\/\",\"url\":\"https:\/\/pyrodigy.com\/en\/about-us\/\",\"name\":\"About Us\"}}]}]}<\/script>\n<!-- \/ Yoast SEO plugin. -->","_links":{"self":[{"href":"https:\/\/pyrodigy.com\/en\/wp-json\/wp\/v2\/pages\/3980"}],"collection":[{"href":"https:\/\/pyrodigy.com\/en\/wp-json\/wp\/v2\/pages"}],"about":[{"href":"https:\/\/pyrodigy.com\/en\/wp-json\/wp\/v2\/types\/page"}],"author":[{"embeddable":true,"href":"https:\/\/pyrodigy.com\/en\/wp-json\/wp\/v2\/users\/1"}],"replies":[{"embeddable":true,"href":"https:\/\/pyrodigy.com\/en\/wp-json\/wp\/v2\/comments?post=3980"}],"version-history":[{"count":2,"href":"https:\/\/pyrodigy.com\/en\/wp-json\/wp\/v2\/pages\/3980\/revisions"}],"predecessor-version":[{"id":3982,"href":"https:\/\/pyrodigy.com\/en\/wp-json\/wp\/v2\/pages\/3980\/revisions\/3982"}],"wp:attachment":[{"href":"https:\/\/pyrodigy.com\/en\/wp-json\/wp\/v2\/media?parent=3980"}],"curies":[{"name":"wp","href":"https:\/\/api.w.org\/{rel}","templated":true}]}}