{"id":3989,"date":"2020-09-15T14:44:21","date_gmt":"2020-09-15T11:44:21","guid":{"rendered":"https:\/\/pyrodigy.com\/synchronized-fireworks\/"},"modified":"2023-04-13T21:32:24","modified_gmt":"2023-04-13T18:32:24","slug":"synchronized-fireworks","status":"publish","type":"page","link":"https:\/\/pyrodigy.com\/en\/synchronized-fireworks\/","title":{"rendered":"Synchronized Fireworks"},"content":{"rendered":"\t\t<div data-elementor-type=\"wp-page\" data-elementor-id=\"3989\" class=\"elementor elementor-3989 elementor-2489\" data-elementor-settings=\"[]\">\n\t\t\t\t\t\t<div class=\"elementor-inner\">\n\t\t\t\t\t\t\t<div class=\"elementor-section-wrap\">\n\t\t\t\t\t\t\t<section class=\"elementor-section elementor-top-section elementor-element elementor-element-3a6e25d elementor-section-boxed elementor-section-height-default elementor-section-height-default\" data-id=\"3a6e25d\" data-element_type=\"section\">\n\t\t\t\t\t\t<div class=\"elementor-container elementor-column-gap-default\">\n\t\t\t\t\t\t\t<div class=\"elementor-row\">\n\t\t\t\t\t<div class=\"elementor-column elementor-col-50 elementor-top-column elementor-element elementor-element-b3b8bf0\" data-id=\"b3b8bf0\" data-element_type=\"column\">\n\t\t\t<div class=\"elementor-column-wrap elementor-element-populated\">\n\t\t\t\t\t\t\t<div class=\"elementor-widget-wrap\">\n\t\t\t\t\t\t<div class=\"elementor-element elementor-element-032ab95 elementor-aspect-ratio-169 elementor-widget elementor-widget-mdp-videor-elementor\" data-id=\"032ab95\" data-element_type=\"widget\" data-settings=\"{&quot;lightbox&quot;:&quot;yes&quot;,&quot;aspect_ratio&quot;:&quot;169&quot;}\" data-widget_type=\"mdp-videor-elementor.default\">\n\t\t\t\t<div class=\"elementor-widget-container\">\n\t\t\t\n        <div id=\"mdp-videor-032ab95\" class=\"mdp-videor\">\n\n\t        \n            <div class=\"mdp-videor-mask\">\n\n                <div class=\"mdp-videor-video\">\n\n                    <div class=\"mdp-videor-wrap mdp-videor-default\">\n\n                    <iframe class=\"elementor-video-iframe\" allowfullscreen title=\"youtube Video Player\" src=\"https:\/\/www.youtube-nocookie.com\/embed\/LVhN3OvZsZ4?feature=oembed&amp;autoplay=1&amp;playsinline=1&amp;playlist=LVhN3OvZsZ4&amp;rel=0&amp;showinfo=0&amp;fs=0&amp;wmode=opaque&amp;loop=1&amp;controls=0&amp;mute=1&amp;modestbranding=0\"><\/iframe>                        <div data-elementor-open-lightbox=\"yes\" data-elementor-lightbox=\"{&quot;type&quot;:&quot;video&quot;,&quot;videoType&quot;:&quot;youtube&quot;,&quot;url&quot;:&quot;https:\\\/\\\/www.youtube-nocookie.com\\\/embed\\\/LVhN3OvZsZ4?feature=oembed&amp;autoplay=1&amp;playsinline=1&amp;playlist=LVhN3OvZsZ4&amp;rel=0&amp;showinfo=0&amp;fs=0&amp;wmode=opaque&amp;loop=1&amp;controls=0&amp;mute=1&amp;modestbranding=0&quot;,&quot;modalOptions&quot;:{&quot;id&quot;:&quot;elementor-lightbox-032ab95&quot;,&quot;entranceAnimation&quot;:&quot;&quot;,&quot;entranceAnimation_tablet&quot;:&quot;&quot;,&quot;entranceAnimation_mobile&quot;:&quot;&quot;,&quot;videoAspectRatio&quot;:&quot;169&quot;}}\" class=\"mdp-videor-overlay\"><\/div>\n\n                    \n                    <\/div>\n\n                <\/div>\n\n            <\/div>\n\n            \n            \n        <\/div>\n\n        <!--suppress JSUnresolvedVariable -->\n        <script>\n\n            ( function ( $ ) {\n\n                \"use strict\";\n\n                $( document ).ready( function () {\n                    mdpVideorCrop( '032ab95', 200 );\n                } );\n\n\t            \n                $( window ).resize( function () {\n                    mdpVideorCrop( '032ab95', 200 );\n                } );\n\n                \n            } ( jQuery ) );\n\n        <\/script>\n\n\t    \t\t<\/div>\n\t\t\t\t<\/div>\n\t\t\t\t\t\t<\/div>\n\t\t\t\t\t<\/div>\n\t\t<\/div>\n\t\t\t\t<div class=\"elementor-column elementor-col-50 elementor-top-column elementor-element elementor-element-5d9367a\" data-id=\"5d9367a\" data-element_type=\"column\">\n\t\t\t<div class=\"elementor-column-wrap elementor-element-populated\">\n\t\t\t\t\t\t\t<div class=\"elementor-widget-wrap\">\n\t\t\t\t\t\t<div class=\"elementor-element elementor-element-bf3daae elementor-widget elementor-widget-text-editor\" data-id=\"bf3daae\" data-element_type=\"widget\" data-widget_type=\"text-editor.default\">\n\t\t\t\t<div class=\"elementor-widget-container\">\n\t\t\t\t\t<div class=\"elementor-text-editor elementor-clearfix\"><p>Fireworks are the formation of colorful images and effects accompanied by explosions in the sky. All fireworks shows, from the smallest to the biggest, are important to the pyrodigy team. Pyrodigy her show i\u00e7in \u00e7e\u015fitli efektler i\u00e7eren geni\u015f \u00fcr\u00fcn yelpazesini kullanarak koreografik showlar yapmaktad\u0131r.<\/p>\n<h2>Pyromusical Shows<\/h2>\n<p>The most important field of activity, in which Pyrodigy Production specializes and is assertive, is the synchronization of the fireworks show with computer support, in synchronization with music, light, and laser. This type of show is called the art of the fireworks, and it consists of the fireworks effects being ignited simultaneously with the accents and tones of the music.<br \/>This type of show requires high-tech equipment and computer programs.<br \/>Pyrodigy has manufactured the 100% Turkish engineering wonder &#8220;Pyrodigy Firing Systems&#8221;, and is preparing to export it to various countries of the world.<\/p>\n<\/div>\n\t\t\t\t<\/div>\n\t\t\t\t<\/div>\n\t\t\t\t\t\t<\/div>\n\t\t\t\t\t<\/div>\n\t\t<\/div>\n\t\t\t\t\t\t\t\t<\/div>\n\t\t\t\t\t<\/div>\n\t\t<\/section>\n\t\t\t\t<section class=\"elementor-section elementor-top-section elementor-element elementor-element-7f75988 elementor-section-boxed elementor-section-height-default elementor-section-height-default\" data-id=\"7f75988\" data-element_type=\"section\">\n\t\t\t\t\t\t<div class=\"elementor-container elementor-column-gap-default\">\n\t\t\t\t\t\t\t<div class=\"elementor-row\">\n\t\t\t\t\t<div class=\"elementor-column elementor-col-100 elementor-top-column elementor-element elementor-element-21b845a\" data-id=\"21b845a\" data-element_type=\"column\">\n\t\t\t<div class=\"elementor-column-wrap elementor-element-populated\">\n\t\t\t\t\t\t\t<div class=\"elementor-widget-wrap\">\n\t\t\t\t\t\t<div class=\"elementor-element elementor-element-b0d5a1d elementor-widget elementor-widget-wp-widget-elfsight-portfolio\" data-id=\"b0d5a1d\" data-element_type=\"widget\" data-widget_type=\"wp-widget-elfsight-portfolio.default\">\n\t\t\t\t<div class=\"elementor-widget-container\">\n\t\t\t\n            <div \n                class=\"elfsight-widget-portfolio elfsight-widget\" \n                data-elfsight-portfolio-options=\"%7B%22projects%22%3A%5B%7B%22id%22%3A%22dfef9005-2d0c-40da-9742-4d2422b73939%22%2C%22name%22%3A%22%22%2C%22category%22%3A%22%22%2C%22description%22%3A%22%22%2C%22date%22%3A%222017-06-08%2010%3A43%22%2C%22website%22%3A%22%22%2C%22previewPicture%22%3Anull%2C%22media%22%3A%5B%7B%22type%22%3A%22uploaded%22%2C%22data%22%3A%7B%22name%22%3A%22pyro-fx-show-anta-agni-firedancers-%22%2C%22url%22%3A%22https%3A%5C%2F%5C%2Fpyrodigy.com%5C%2Fwp-content%5C%2Fuploads%5C%2F2020%5C%2F09%5C%2Fpyro-fx-show-anta-agni-firedancers-.jpg%22%2C%22size%22%3A1203744%2C%22type%22%3A%22image%22%2C%22extension%22%3A%22jpeg%22%2C%22width%22%3A1200%2C%22height%22%3A795%2C%22ext%22%3A%22jpeg%22%7D%7D%5D%2C%22undefined%22%3Anull%2C%22caption%22%3A%22%22%7D%2C%7B%22id%22%3A%22f3fd0bc1-82a9-4fcc-b9db-43206c004ab3%22%2C%22name%22%3A%22%22%2C%22category%22%3A%22%22%2C%22description%22%3A%22%22%2C%22date%22%3A%222017-06-08%2010%3A43%22%2C%22website%22%3A%22%22%2C%22previewPicture%22%3Anull%2C%22media%22%3A%5B%7B%22type%22%3A%22uploaded%22%2C%22data%22%3A%7B%22name%22%3A%22METALLICA%20%5Cu00a9%20Steve%20Jennings%22%2C%22url%22%3A%22https%3A%5C%2F%5C%2Fpyrodigy.com%5C%2Fwp-content%5C%2Fuploads%5C%2F2020%5C%2F09%5C%2FPyro-extended-200-into-the-air.jpg%22%2C%22size%22%3A595159%2C%22type%22%3A%22image%22%2C%22extension%22%3A%22jpeg%22%2C%22width%22%3A800%2C%22height%22%3A530%2C%22ext%22%3A%22jpeg%22%7D%7D%5D%2C%22undefined%22%3Anull%2C%22caption%22%3A%22%22%7D%2C%7B%22id%22%3A%2226df1962-602b-4633-9fb0-ea876c99336e%22%2C%22name%22%3A%22%22%2C%22category%22%3A%22%22%2C%22description%22%3A%22%22%2C%22date%22%3A%222017-06-08%2010%3A43%22%2C%22website%22%3A%22%22%2C%22previewPicture%22%3Anull%2C%22media%22%3A%5B%7B%22type%22%3A%22uploaded%22%2C%22data%22%3A%7B%22name%22%3A%22maxresdefault%22%2C%22url%22%3A%22https%3A%5C%2F%5C%2Fpyrodigy.com%5C%2Fwp-content%5C%2Fuploads%5C%2F2020%5C%2F09%5C%2Fmaxresdefault.jpg%22%2C%22size%22%3A98024%2C%22type%22%3A%22image%22%2C%22extension%22%3A%22jpeg%22%2C%22width%22%3A1280%2C%22height%22%3A720%2C%22ext%22%3A%22jpeg%22%7D%7D%5D%2C%22undefined%22%3Anull%2C%22caption%22%3A%22%22%7D%2C%7B%22id%22%3A%229f05a92f-24b1-404b-b95d-e495d9debdd9%22%2C%22name%22%3A%22%22%2C%22category%22%3A%22%22%2C%22description%22%3A%22%22%2C%22date%22%3A%222017-06-08%2010%3A43%22%2C%22website%22%3A%22%22%2C%22previewPicture%22%3Anull%2C%22media%22%3A%5B%7B%22type%22%3A%22uploaded%22%2C%22data%22%3A%7B%22name%22%3A%22IMG_20190323_085358_347%22%2C%22url%22%3A%22https%3A%5C%2F%5C%2Fpyrodigy.com%5C%2Fwp-content%5C%2Fuploads%5C%2F2020%5C%2F09%5C%2FIMG_20190323_085358_347.jpg%22%2C%22size%22%3A68475%2C%22type%22%3A%22image%22%2C%22extension%22%3A%22jpeg%22%2C%22width%22%3A545%2C%22height%22%3A545%2C%22ext%22%3A%22jpeg%22%7D%7D%5D%2C%22undefined%22%3Anull%2C%22caption%22%3A%22%22%7D%2C%7B%22id%22%3A%22fd96ce60-298d-4170-be76-3e788ef1e2b8%22%2C%22name%22%3A%22%22%2C%22category%22%3A%22%22%2C%22description%22%3A%22%22%2C%22date%22%3A%222017-06-08%2010%3A43%22%2C%22website%22%3A%22%22%2C%22previewPicture%22%3Anull%2C%22media%22%3A%5B%7B%22type%22%3A%22uploaded%22%2C%22data%22%3A%7B%22name%22%3A%22ColorfulFireworks%22%2C%22url%22%3A%22https%3A%5C%2F%5C%2Fpyrodigy.com%5C%2Fwp-content%5C%2Fuploads%5C%2F2020%5C%2F09%5C%2FColorfulFireworks.png%22%2C%22size%22%3A2806768%2C%22type%22%3A%22image%22%2C%22extension%22%3A%22png%22%2C%22width%22%3A1599%2C%22height%22%3A967%2C%22ext%22%3A%22png%22%7D%7D%5D%2C%22undefined%22%3Anull%2C%22caption%22%3A%22%22%7D%2C%7B%22id%22%3A%229cab0bb5-0a80-4d7d-8481-8375b7dfa036%22%2C%22name%22%3A%22%22%2C%22category%22%3A%22%22%2C%22description%22%3A%22%22%2C%22date%22%3A%222017-06-08%2010%3A43%22%2C%22website%22%3A%22%22%2C%22previewPicture%22%3Anull%2C%22media%22%3A%5B%7B%22type%22%3A%22uploaded%22%2C%22data%22%3A%7B%22name%22%3A%22Atakule-isik-sacti-681399%22%2C%22url%22%3A%22https%3A%5C%2F%5C%2Fpyrodigy.com%5C%2Fwp-content%5C%2Fuploads%5C%2F2020%5C%2F09%5C%2FAtakule-isik-sacti-681399.jpg%22%2C%22size%22%3A92191%2C%22type%22%3A%22image%22%2C%22extension%22%3A%22jpeg%22%2C%22width%22%3A660%2C%22height%22%3A360%2C%22ext%22%3A%22jpeg%22%7D%7D%5D%2C%22undefined%22%3Anull%2C%22caption%22%3A%22%22%7D%5D%2C%22categoriesEnabled%22%3Afalse%2C%22categories%22%3A%5B%7B%22value%22%3A%22%22%2C%22name%22%3A%22%20-%20None%20-%20%22%2C%22visible%22%3Afalse%7D%2C%7B%22value%22%3A%22a27e3ed0-22a7-454a-9ad5-fa4d3a3beaf2%22%2C%22name%22%3A%22On%20the%20Wave%22%2C%22undefined%22%3Anull%7D%2C%7B%22value%22%3A%224523ac15-ce7f-471b-a3a3-a3c4ac0efbb9%22%2C%22name%22%3A%22People%22%2C%22undefined%22%3Anull%7D%5D%2C%22widgetTitle%22%3A%22%22%2C%22authorWhereToDisplay%22%3A%5B%5D%2C%22authorName%22%3A%22%22%2C%22authorDescription%22%3A%22%22%2C%22authorPhoto%22%3Anull%2C%22authorEmail%22%3A%22%22%2C%22authorPhone%22%3A%22%22%2C%22authorSocial%22%3A%5B%5D%2C%22ctaWhereToDisplay%22%3A%5B%5D%2C%22ctaButtonText%22%3A%22Hire%20me%22%2C%22ctaButtonLink%22%3A%22%22%2C%22lang%22%3A%22en%22%2C%22layout%22%3A%22grid%22%2C%22gridColumns%22%3A3%2C%22gridRows%22%3A3%2C%22gridGutter%22%3A10%2C%22gridItemAspectRatio%22%3A0.669%2C%22gridColumnsTablet%22%3A2%2C%22gridRowsTablet%22%3A2%2C%22gridColumnsMobile%22%3A1%2C%22gridRowsMobile%22%3A1%2C%22masonryColumns%22%3A3%2C%22masonryGutter%22%3A10%2C%22masonryItemsPerPage%22%3A8%2C%22masonryColumnsTablet%22%3A2%2C%22masonryColumnsMobile%22%3A1%2C%22listGutter%22%3A10%2C%22listItemsPerPage%22%3A8%2C%22listItemAspectRatio%22%3A0.333%2C%22width%22%3A%22auto%22%2C%22projectLook%22%3A%22bottomOverlay%22%2C%22projectInfoToDisplay%22%3A%5B%22name%22%2C%22caption%22%2C%22category%22%5D%2C%22projectClickAction%22%3A%22popup%22%2C%22popupInfoToDisplay%22%3A%5B%22name%22%2C%22description%22%2C%22caption%22%2C%22category%22%2C%22website%22%5D%2C%22backgroundColor%22%3A%22%22%2C%22textColor%22%3A%22rgb%2817%2C%2017%2C%2017%29%22%2C%22ctaColor%22%3A%22rgb%2828%2C%2059%2C%20255%29%22%2C%22linksColor%22%3A%22rgb%2828%2C%2059%2C%20255%29%22%2C%22projectOverlayColor%22%3A%22rgba%2817%2C%2017%2C%2017%2C%200.7%29%22%2C%22projectBackgroundColor%22%3A%22%22%2C%22projectTextColor%22%3A%22%22%2C%22popupBackgroundColor%22%3A%22rgb%28255%2C%20255%2C%20255%29%22%2C%22popupTextColor%22%3A%22rgb%2817%2C%2017%2C%2017%29%22%2C%22popupOverlayColor%22%3A%22rgba%2817%2C%2017%2C%2017%2C%200.9%29%22%2C%22popupCtaColor%22%3A%22rgb%2828%2C%2059%2C%20255%29%22%2C%22popupLinksColor%22%3A%22rgb%2828%2C%2059%2C%20255%29%22%2C%22popupTextAlignment%22%3A%22left%22%2C%22widgetId%22%3A%221%22%7D\" \n                data-elfsight-portfolio-version=\"1.1.2\"\n                data-elfsight-widget-id=\"elfsight-portfolio-1\">\n            <\/div>\n            \t\t<\/div>\n\t\t\t\t<\/div>\n\t\t\t\t\t\t<\/div>\n\t\t\t\t\t<\/div>\n\t\t<\/div>\n\t\t\t\t\t\t\t\t<\/div>\n\t\t\t\t\t<\/div>\n\t\t<\/section>\n\t\t\t\t<section class=\"elementor-section elementor-top-section elementor-element elementor-element-200881c elementor-section-full_width elementor-section-stretched elementor-section-height-default elementor-section-height-default\" data-id=\"200881c\" data-element_type=\"section\" data-settings=\"{&quot;stretch_section&quot;:&quot;section-stretched&quot;,&quot;background_background&quot;:&quot;video&quot;,&quot;background_video_link&quot;:&quot;https:\\\/\\\/www.youtube.com\\\/watch?v=ipUyQsgQ7zM&quot;,&quot;background_play_once&quot;:&quot;yes&quot;,&quot;background_play_on_mobile&quot;:&quot;yes&quot;}\">\n\t\t\t\t\t\t\t\t<div class=\"elementor-background-video-container\">\n\t\t\t\t\t\t\t\t\t\t\t\t\t<div class=\"elementor-background-video-embed\"><\/div>\n\t\t\t\t\t\t\t\t\t\t\t\t<\/div>\n\t\t\t\t\t\t\t\t<div class=\"elementor-container elementor-column-gap-no\">\n\t\t\t\t\t\t\t<div class=\"elementor-row\">\n\t\t\t\t\t<div class=\"elementor-column elementor-col-100 elementor-top-column elementor-element elementor-element-e33e505\" data-id=\"e33e505\" data-element_type=\"column\">\n\t\t\t<div class=\"elementor-column-wrap elementor-element-populated\">\n\t\t\t\t\t\t\t<div class=\"elementor-widget-wrap\">\n\t\t\t\t\t\t<div class=\"elementor-element elementor-element-20d0301 elementor-widget elementor-widget-heading\" data-id=\"20d0301\" data-element_type=\"widget\" data-widget_type=\"heading.default\">\n\t\t\t\t<div class=\"elementor-widget-container\">\n\t\t\t<h2 class=\"elementor-heading-title elementor-size-default\">pyrodigy<\/h2>\t\t<\/div>\n\t\t\t\t<\/div>\n\t\t\t\t\t\t<\/div>\n\t\t\t\t\t<\/div>\n\t\t<\/div>\n\t\t\t\t\t\t\t\t<\/div>\n\t\t\t\t\t<\/div>\n\t\t<\/section>\n\t\t\t\t\t\t<\/div>\n\t\t\t\t\t\t<\/div>\n\t\t\t\t\t<\/div>\n\t\t","protected":false},"excerpt":{"rendered":"<p>https:\/\/www.youtube.com\/watch?v=LVhN3OvZsZ4 Fireworks are the formation of colorful images and effects accompanied by explosions in the sky. All fireworks shows, from the smallest to the biggest, are important to the pyrodigy team. Pyrodigy her show i\u00e7in \u00e7e\u015fitli efektler i\u00e7eren geni\u015f \u00fcr\u00fcn yelpazesini kullanarak koreografik showlar yapmaktad\u0131r. Pyromusical Shows The most important field of activity, in which&#8230;<\/p>\n","protected":false},"author":1,"featured_media":0,"parent":0,"menu_order":0,"comment_status":"closed","ping_status":"closed","template":"","meta":[],"yoast_head":"<!-- This site is optimized with the Yoast SEO plugin v15.3 - https:\/\/yoast.com\/wordpress\/plugins\/seo\/ -->\n<title>Synchronized Fireworks | Pyrodigy Technical Production Ger\u00e7ekli\u011fin \u00d6tesinde<\/title>\n<meta name=\"description\" content=\"Fireworks are the formation of colorful images and effects accompanied by explosions in the sky. Daha Fazla bilgi i\u00e7in sitemizi ziyaret edebilirsiniz.\" \/>\n<meta name=\"robots\" content=\"index, follow, max-snippet:-1, max-image-preview:large, max-video-preview:-1\" \/>\n<link rel=\"canonical\" href=\"https:\/\/pyrodigy.com\/en\/synchronized-fireworks\/\" \/>\n<meta property=\"og:locale\" content=\"en_US\" \/>\n<meta property=\"og:type\" content=\"article\" \/>\n<meta property=\"og:title\" content=\"Synchronized Fireworks | Pyrodigy Technical Production Ger\u00e7ekli\u011fin \u00d6tesinde\" \/>\n<meta property=\"og:description\" content=\"Fireworks are the formation of colorful images and effects accompanied by explosions in the sky. Daha Fazla bilgi i\u00e7in sitemizi ziyaret edebilirsiniz.\" \/>\n<meta property=\"og:url\" content=\"https:\/\/pyrodigy.com\/en\/synchronized-fireworks\/\" \/>\n<meta property=\"og:site_name\" content=\"Pyrodigy Technical Production\" \/>\n<meta property=\"article:modified_time\" content=\"2023-04-13T18:32:24+00:00\" \/>\n<meta name=\"twitter:card\" content=\"summary_large_image\" \/>\n<meta name=\"twitter:label1\" content=\"Written by\">\n\t<meta name=\"twitter:data1\" content=\"admin\">\n\t<meta name=\"twitter:label2\" content=\"Est. reading time\">\n\t<meta name=\"twitter:data2\" content=\"1 minute\">\n<script type=\"application\/ld+json\" class=\"yoast-schema-graph\">{\"@context\":\"https:\/\/schema.org\",\"@graph\":[{\"@type\":\"Organization\",\"@id\":\"https:\/\/pyrodigy.com\/#organization\",\"name\":\"Pyrodigy Technical Production\",\"url\":\"https:\/\/pyrodigy.com\/\",\"sameAs\":[],\"logo\":{\"@type\":\"ImageObject\",\"@id\":\"https:\/\/pyrodigy.com\/#logo\",\"inLanguage\":\"en-US\",\"url\":\"https:\/\/pyrodigy.com\/wp-content\/uploads\/2012\/06\/pyrodigy-logo.png\",\"width\":319,\"height\":109,\"caption\":\"Pyrodigy Technical Production\"},\"image\":{\"@id\":\"https:\/\/pyrodigy.com\/#logo\"}},{\"@type\":\"WebSite\",\"@id\":\"https:\/\/pyrodigy.com\/#website\",\"url\":\"https:\/\/pyrodigy.com\/\",\"name\":\"Pyrodigy Technical Production\",\"description\":\"Ger\\u00e7ekli\\u011fin \\u00d6tesinde\",\"publisher\":{\"@id\":\"https:\/\/pyrodigy.com\/#organization\"},\"potentialAction\":[{\"@type\":\"SearchAction\",\"target\":\"https:\/\/pyrodigy.com\/?s={search_term_string}\",\"query-input\":\"required name=search_term_string\"}],\"inLanguage\":\"en-US\"},{\"@type\":\"WebPage\",\"@id\":\"https:\/\/pyrodigy.com\/en\/synchronized-fireworks\/#webpage\",\"url\":\"https:\/\/pyrodigy.com\/en\/synchronized-fireworks\/\",\"name\":\"Synchronized Fireworks | Pyrodigy Technical Production Ger\\u00e7ekli\\u011fin \\u00d6tesinde\",\"isPartOf\":{\"@id\":\"https:\/\/pyrodigy.com\/#website\"},\"datePublished\":\"2020-09-15T11:44:21+00:00\",\"dateModified\":\"2023-04-13T18:32:24+00:00\",\"description\":\"Fireworks are the formation of colorful images and effects accompanied by explosions in the sky. Daha Fazla bilgi i\\u00e7in sitemizi ziyaret edebilirsiniz.\",\"breadcrumb\":{\"@id\":\"https:\/\/pyrodigy.com\/en\/synchronized-fireworks\/#breadcrumb\"},\"inLanguage\":\"en-US\",\"potentialAction\":[{\"@type\":\"ReadAction\",\"target\":[\"https:\/\/pyrodigy.com\/en\/synchronized-fireworks\/\"]}]},{\"@type\":\"BreadcrumbList\",\"@id\":\"https:\/\/pyrodigy.com\/en\/synchronized-fireworks\/#breadcrumb\",\"itemListElement\":[{\"@type\":\"ListItem\",\"position\":1,\"item\":{\"@type\":\"WebPage\",\"@id\":\"https:\/\/pyrodigy.com\/\",\"url\":\"https:\/\/pyrodigy.com\/\",\"name\":\"Ana sayfa\"}},{\"@type\":\"ListItem\",\"position\":2,\"item\":{\"@type\":\"WebPage\",\"@id\":\"https:\/\/pyrodigy.com\/en\/synchronized-fireworks\/\",\"url\":\"https:\/\/pyrodigy.com\/en\/synchronized-fireworks\/\",\"name\":\"Synchronized Fireworks\"}}]}]}<\/script>\n<!-- \/ Yoast SEO plugin. -->","_links":{"self":[{"href":"https:\/\/pyrodigy.com\/en\/wp-json\/wp\/v2\/pages\/3989"}],"collection":[{"href":"https:\/\/pyrodigy.com\/en\/wp-json\/wp\/v2\/pages"}],"about":[{"href":"https:\/\/pyrodigy.com\/en\/wp-json\/wp\/v2\/types\/page"}],"author":[{"embeddable":true,"href":"https:\/\/pyrodigy.com\/en\/wp-json\/wp\/v2\/users\/1"}],"replies":[{"embeddable":true,"href":"https:\/\/pyrodigy.com\/en\/wp-json\/wp\/v2\/comments?post=3989"}],"version-history":[{"count":1,"href":"https:\/\/pyrodigy.com\/en\/wp-json\/wp\/v2\/pages\/3989\/revisions"}],"predecessor-version":[{"id":3990,"href":"https:\/\/pyrodigy.com\/en\/wp-json\/wp\/v2\/pages\/3989\/revisions\/3990"}],"wp:attachment":[{"href":"https:\/\/pyrodigy.com\/en\/wp-json\/wp\/v2\/media?parent=3989"}],"curies":[{"name":"wp","href":"https:\/\/api.w.org\/{rel}","templated":true}]}}