{"id":4004,"date":"2020-09-23T11:28:00","date_gmt":"2020-09-23T08:28:00","guid":{"rendered":"https:\/\/pyrodigy.com\/light-sound-and-stage-services\/"},"modified":"2023-04-18T07:09:52","modified_gmt":"2023-04-18T04:09:52","slug":"light-sound-and-stage-services","status":"publish","type":"page","link":"https:\/\/pyrodigy.com\/en\/light-sound-and-stage-services\/","title":{"rendered":"Light, Sound and Stage Services"},"content":{"rendered":"\t\t<div data-elementor-type=\"wp-page\" data-elementor-id=\"4004\" class=\"elementor elementor-4004 elementor-2937\" data-elementor-settings=\"[]\">\n\t\t\t\t\t\t<div class=\"elementor-inner\">\n\t\t\t\t\t\t\t<div class=\"elementor-section-wrap\">\n\t\t\t\t\t\t\t<section class=\"elementor-section elementor-top-section elementor-element elementor-element-58a2c02 elementor-section-boxed elementor-section-height-default elementor-section-height-default\" data-id=\"58a2c02\" data-element_type=\"section\">\n\t\t\t\t\t\t<div class=\"elementor-container elementor-column-gap-default\">\n\t\t\t\t\t\t\t<div class=\"elementor-row\">\n\t\t\t\t\t<div class=\"elementor-column elementor-col-50 elementor-top-column elementor-element elementor-element-9011b0e\" data-id=\"9011b0e\" data-element_type=\"column\">\n\t\t\t<div class=\"elementor-column-wrap elementor-element-populated\">\n\t\t\t\t\t\t\t<div class=\"elementor-widget-wrap\">\n\t\t\t\t\t\t<div class=\"elementor-element elementor-element-13b2f5b elementor-aspect-ratio-169 elementor-widget elementor-widget-mdp-videor-elementor\" data-id=\"13b2f5b\" data-element_type=\"widget\" data-settings=\"{&quot;lightbox&quot;:&quot;yes&quot;,&quot;aspect_ratio&quot;:&quot;169&quot;}\" data-widget_type=\"mdp-videor-elementor.default\">\n\t\t\t\t<div class=\"elementor-widget-container\">\n\t\t\t\n        <div id=\"mdp-videor-13b2f5b\" class=\"mdp-videor\">\n\n\t        \n            <div class=\"mdp-videor-mask\">\n\n                <div class=\"mdp-videor-video\">\n\n                    <div class=\"mdp-videor-wrap mdp-videor-default\">\n\n                    <iframe class=\"elementor-video-iframe\" allowfullscreen title=\"youtube Video Player\" src=\"https:\/\/www.youtube-nocookie.com\/embed\/FV5zMbi0AN0?feature=oembed&amp;autoplay=1&amp;playsinline=1&amp;playlist=FV5zMbi0AN0&amp;rel=0&amp;showinfo=0&amp;fs=0&amp;wmode=opaque&amp;loop=1&amp;controls=0&amp;mute=1&amp;modestbranding=0\"><\/iframe>                        <div data-elementor-open-lightbox=\"yes\" data-elementor-lightbox=\"{&quot;type&quot;:&quot;video&quot;,&quot;videoType&quot;:&quot;youtube&quot;,&quot;url&quot;:&quot;https:\\\/\\\/www.youtube-nocookie.com\\\/embed\\\/FV5zMbi0AN0?feature=oembed&amp;autoplay=1&amp;playsinline=1&amp;playlist=FV5zMbi0AN0&amp;rel=0&amp;showinfo=0&amp;fs=0&amp;wmode=opaque&amp;loop=1&amp;controls=0&amp;mute=1&amp;modestbranding=0&quot;,&quot;modalOptions&quot;:{&quot;id&quot;:&quot;elementor-lightbox-13b2f5b&quot;,&quot;entranceAnimation&quot;:&quot;&quot;,&quot;entranceAnimation_tablet&quot;:&quot;&quot;,&quot;entranceAnimation_mobile&quot;:&quot;&quot;,&quot;videoAspectRatio&quot;:&quot;169&quot;}}\" class=\"mdp-videor-overlay\"><\/div>\n\n                    \n                    <\/div>\n\n                <\/div>\n\n            <\/div>\n\n            \n            \n        <\/div>\n\n        <!--suppress JSUnresolvedVariable -->\n        <script>\n\n            ( function ( $ ) {\n\n                \"use strict\";\n\n                $( document ).ready( function () {\n                    mdpVideorCrop( '13b2f5b', 200 );\n                } );\n\n\t            \n                $( window ).resize( function () {\n                    mdpVideorCrop( '13b2f5b', 200 );\n                } );\n\n                \n            } ( jQuery ) );\n\n        <\/script>\n\n\t    \t\t<\/div>\n\t\t\t\t<\/div>\n\t\t\t\t\t\t<\/div>\n\t\t\t\t\t<\/div>\n\t\t<\/div>\n\t\t\t\t<div class=\"elementor-column elementor-col-50 elementor-top-column elementor-element elementor-element-84c70e0\" data-id=\"84c70e0\" data-element_type=\"column\">\n\t\t\t<div class=\"elementor-column-wrap elementor-element-populated\">\n\t\t\t\t\t\t\t<div class=\"elementor-widget-wrap\">\n\t\t\t\t\t\t<div class=\"elementor-element elementor-element-c3b832a elementor-widget elementor-widget-text-editor\" data-id=\"c3b832a\" data-element_type=\"widget\" data-widget_type=\"text-editor.default\">\n\t\t\t\t<div class=\"elementor-widget-container\">\n\t\t\t\t\t<div class=\"elementor-text-editor elementor-clearfix\"><h2>Sound system<\/h2>\n<p>Mekan\u0131n\u0131z ve Hedef Kitleniz ile M\u00fckemmel Uyum<\/p>\n<p>Perfect Match with Your Space and Target Audience Professional sound systems set the quality of standards. Years of technical experience are required to accurately design details in a projection sound system and to achieve a perfectly balanced and tuned system. We supply equipment for multiple events, including theatre, live music, television, and corporate events.<\/p>\n<\/p>\n<h2>Light System<\/h2>\n<p>You are at the right address for Timecode Lighting Designs<\/p>\n<p>Pyrodigy uses the industry&#8217;s most advanced equipment, offering unique features without sacrificing performance. All our shows are developed for maximized visuals.<\/p>\n<\/div>\n\t\t\t\t<\/div>\n\t\t\t\t<\/div>\n\t\t\t\t\t\t<\/div>\n\t\t\t\t\t<\/div>\n\t\t<\/div>\n\t\t\t\t\t\t\t\t<\/div>\n\t\t\t\t\t<\/div>\n\t\t<\/section>\n\t\t\t\t<section class=\"elementor-section elementor-top-section elementor-element elementor-element-1c8cedf elementor-section-boxed elementor-section-height-default elementor-section-height-default\" data-id=\"1c8cedf\" data-element_type=\"section\">\n\t\t\t\t\t\t<div class=\"elementor-container elementor-column-gap-default\">\n\t\t\t\t\t\t\t<div class=\"elementor-row\">\n\t\t\t\t\t<div class=\"elementor-column elementor-col-100 elementor-top-column elementor-element elementor-element-006d7f9\" data-id=\"006d7f9\" data-element_type=\"column\">\n\t\t\t<div class=\"elementor-column-wrap elementor-element-populated\">\n\t\t\t\t\t\t\t<div class=\"elementor-widget-wrap\">\n\t\t\t\t\t\t<div class=\"elementor-element elementor-element-c50433d elementor-widget elementor-widget-text-editor\" data-id=\"c50433d\" data-element_type=\"widget\" data-widget_type=\"text-editor.default\">\n\t\t\t\t<div class=\"elementor-widget-container\">\n\t\t\t\t\t<div class=\"elementor-text-editor elementor-clearfix\"><h3>Truss Systems<\/h3>\nCarefully Designed Safe and Reliable Truss Solutions We primarily use unprecedented truss systems that are reliable,\n\nrobust, reduce installation and disassembly times, and offer flexible creativity in event design.\n<h4>CAD Services<\/h4>\nWe Create an Accurate Roadmap for Your Project with Precise and Detailed Computer Drawings Performing perfect demonstrations starts with the right design of the details.\n\nAnywhere a production is going to take place, there are numerous aspects to consider long before the show date. This can be achieved after the best but an accurate floor plan has been created. CAD drawings are an important roadmap for all stakeholders involved in putting your event or production together. These precise drawings help mark obstacles and partitions, exits, ceiling heights, and just about any other important spatial detail for designers, planners, production partners, and guests.<\/div>\n\t\t\t\t<\/div>\n\t\t\t\t<\/div>\n\t\t\t\t\t\t<\/div>\n\t\t\t\t\t<\/div>\n\t\t<\/div>\n\t\t\t\t\t\t\t\t<\/div>\n\t\t\t\t\t<\/div>\n\t\t<\/section>\n\t\t\t\t<section class=\"elementor-section elementor-top-section elementor-element elementor-element-dfbce1c elementor-section-boxed elementor-section-height-default elementor-section-height-default\" data-id=\"dfbce1c\" data-element_type=\"section\">\n\t\t\t\t\t\t<div class=\"elementor-container elementor-column-gap-default\">\n\t\t\t\t\t\t\t<div class=\"elementor-row\">\n\t\t\t\t\t<div class=\"elementor-column elementor-col-100 elementor-top-column elementor-element elementor-element-1cee4e7\" data-id=\"1cee4e7\" data-element_type=\"column\">\n\t\t\t<div class=\"elementor-column-wrap elementor-element-populated\">\n\t\t\t\t\t\t\t<div class=\"elementor-widget-wrap\">\n\t\t\t\t\t\t<div class=\"elementor-element elementor-element-5ffbb13 elementor-widget elementor-widget-wp-widget-elfsight-portfolio\" data-id=\"5ffbb13\" data-element_type=\"widget\" data-widget_type=\"wp-widget-elfsight-portfolio.default\">\n\t\t\t\t<div class=\"elementor-widget-container\">\n\t\t\t\n            <div \n                class=\"elfsight-widget-portfolio elfsight-widget\" \n                data-elfsight-portfolio-options=\"%7B%22projects%22%3A%5B%7B%22id%22%3A%22dfef9005-2d0c-40da-9742-4d2422b73939%22%2C%22name%22%3A%22%22%2C%22category%22%3A%22%22%2C%22description%22%3A%22%22%2C%22date%22%3A%222017-06-08%2010%3A43%22%2C%22website%22%3A%22%22%2C%22previewPicture%22%3Anull%2C%22media%22%3A%5B%7B%22type%22%3A%22uploaded%22%2C%22data%22%3A%7B%22name%22%3A%22sahne_truss%22%2C%22url%22%3A%22https%3A%5C%2F%5C%2Fpyrodigy.com%5C%2Fwp-content%5C%2Fuploads%5C%2F2020%5C%2F09%5C%2Fsahne_truss.jpg%22%2C%22size%22%3A124354%2C%22type%22%3A%22image%22%2C%22extension%22%3A%22jpeg%22%2C%22width%22%3A1024%2C%22height%22%3A684%2C%22ext%22%3A%22jpeg%22%7D%7D%5D%2C%22undefined%22%3Anull%2C%22caption%22%3A%22%22%7D%2C%7B%22id%22%3A%22f3fd0bc1-82a9-4fcc-b9db-43206c004ab3%22%2C%22name%22%3A%22%22%2C%22category%22%3A%22%22%2C%22description%22%3A%22%22%2C%22date%22%3A%222017-06-08%2010%3A43%22%2C%22website%22%3A%22%22%2C%22previewPicture%22%3Anull%2C%22media%22%3A%5B%7B%22type%22%3A%22uploaded%22%2C%22data%22%3A%7B%22name%22%3A%22wyswyg_sahne_tasar%5Cu0131m%22%2C%22url%22%3A%22https%3A%5C%2F%5C%2Fpyrodigy.com%5C%2Fwp-content%5C%2Fuploads%5C%2F2020%5C%2F09%5C%2Fwyswyg_sahne_tasarim.jpg%22%2C%22size%22%3A177483%2C%22type%22%3A%22image%22%2C%22extension%22%3A%22jpeg%22%2C%22width%22%3A1024%2C%22height%22%3A576%2C%22ext%22%3A%22jpeg%22%7D%7D%5D%2C%22undefined%22%3Anull%2C%22caption%22%3A%22%22%7D%2C%7B%22id%22%3A%2226df1962-602b-4633-9fb0-ea876c99336e%22%2C%22name%22%3A%22%22%2C%22category%22%3A%22%22%2C%22description%22%3A%22%22%2C%22date%22%3A%222017-06-08%2010%3A43%22%2C%22website%22%3A%22%22%2C%22previewPicture%22%3Anull%2C%22media%22%3A%5B%7B%22type%22%3A%22uploaded%22%2C%22data%22%3A%7B%22name%22%3A%223d_sahne_tasar%5Cu0131m%22%2C%22url%22%3A%22https%3A%5C%2F%5C%2Fpyrodigy.com%5C%2Fwp-content%5C%2Fuploads%5C%2F2020%5C%2F09%5C%2F3d_sahne_tasarim.jpg%22%2C%22size%22%3A136499%2C%22type%22%3A%22image%22%2C%22extension%22%3A%22jpeg%22%2C%22width%22%3A1024%2C%22height%22%3A576%2C%22ext%22%3A%22jpeg%22%7D%7D%5D%2C%22undefined%22%3Anull%2C%22caption%22%3A%22%22%7D%2C%7B%22id%22%3A%229f05a92f-24b1-404b-b95d-e495d9debdd9%22%2C%22name%22%3A%22%22%2C%22category%22%3A%22%22%2C%22description%22%3A%22%22%2C%22date%22%3A%222017-06-08%2010%3A43%22%2C%22website%22%3A%22%22%2C%22previewPicture%22%3Anull%2C%22media%22%3A%5B%7B%22type%22%3A%22uploaded%22%2C%22data%22%3A%7B%22name%22%3A%22Free%20stage%20with%20lights%2C%20lighting%20devices.%22%2C%22url%22%3A%22https%3A%5C%2F%5C%2Fpyrodigy.com%5C%2Fwp-content%5C%2Fuploads%5C%2F2020%5C%2F09%5C%2Fma2_sahne_tasarim.jpg%22%2C%22size%22%3A447376%2C%22type%22%3A%22image%22%2C%22extension%22%3A%22jpeg%22%2C%22width%22%3A2048%2C%22height%22%3A1368%2C%22ext%22%3A%22jpeg%22%7D%7D%5D%2C%22undefined%22%3Anull%2C%22caption%22%3A%22%22%7D%2C%7B%22id%22%3A%22fd96ce60-298d-4170-be76-3e788ef1e2b8%22%2C%22name%22%3A%22%22%2C%22category%22%3A%22%22%2C%22description%22%3A%22%22%2C%22date%22%3A%222017-06-08%2010%3A43%22%2C%22website%22%3A%22%22%2C%22previewPicture%22%3Anull%2C%22media%22%3A%5B%7B%22type%22%3A%22uploaded%22%2C%22data%22%3A%7B%22name%22%3A%22sahne_isik_ses%22%2C%22url%22%3A%22https%3A%5C%2F%5C%2Fpyrodigy.com%5C%2Fwp-content%5C%2Fuploads%5C%2F2020%5C%2F09%5C%2Fsahne_isik_ses.jpg%22%2C%22size%22%3A543186%2C%22type%22%3A%22image%22%2C%22extension%22%3A%22jpeg%22%2C%22width%22%3A2304%2C%22height%22%3A1728%2C%22ext%22%3A%22jpeg%22%7D%7D%5D%2C%22undefined%22%3Anull%2C%22caption%22%3A%22%22%7D%2C%7B%22id%22%3A%229cab0bb5-0a80-4d7d-8481-8375b7dfa036%22%2C%22name%22%3A%22%22%2C%22category%22%3A%22%22%2C%22description%22%3A%22%22%2C%22date%22%3A%222017-06-08%2010%3A43%22%2C%22website%22%3A%22%22%2C%22previewPicture%22%3Anull%2C%22media%22%3A%5B%7B%22type%22%3A%22uploaded%22%2C%22data%22%3A%7B%22name%22%3A%22sahne_laser%22%2C%22url%22%3A%22https%3A%5C%2F%5C%2Fpyrodigy.com%5C%2Fwp-content%5C%2Fuploads%5C%2F2020%5C%2F09%5C%2Fsahne_laser.jpg%22%2C%22size%22%3A483726%2C%22type%22%3A%22image%22%2C%22extension%22%3A%22jpeg%22%2C%22width%22%3A1920%2C%22height%22%3A1080%2C%22ext%22%3A%22jpeg%22%7D%7D%5D%2C%22undefined%22%3Anull%2C%22caption%22%3A%22%22%7D%2C%7B%22id%22%3A%2237a63347-88d3-4891-8feb-1f2384ce4a14%22%2C%22name%22%3A%22%22%2C%22category%22%3A%22%22%2C%22description%22%3A%22%22%2C%22date%22%3A%222017-06-08%2010%3A43%22%2C%22website%22%3A%22%22%2C%22previewPicture%22%3Anull%2C%22media%22%3A%5B%7B%22type%22%3A%22uploaded%22%2C%22data%22%3A%7B%22name%22%3A%22sahne_ses%22%2C%22url%22%3A%22https%3A%5C%2F%5C%2Fpyrodigy.com%5C%2Fwp-content%5C%2Fuploads%5C%2F2020%5C%2F09%5C%2Fsahne_ses.jpg%22%2C%22size%22%3A164547%2C%22type%22%3A%22image%22%2C%22extension%22%3A%22jpeg%22%2C%22width%22%3A1732%2C%22height%22%3A1155%2C%22ext%22%3A%22jpeg%22%7D%7D%5D%2C%22undefined%22%3Anull%2C%22caption%22%3A%22%22%7D%2C%7B%22id%22%3A%2256d9afc1-0038-427f-96ac-822b2b712b5c%22%2C%22name%22%3A%22%22%2C%22category%22%3A%22%22%2C%22description%22%3A%22%22%2C%22date%22%3A%222017-06-08%2010%3A43%22%2C%22website%22%3A%22%22%2C%22previewPicture%22%3Anull%2C%22media%22%3A%5B%7B%22type%22%3A%22uploaded%22%2C%22data%22%3A%7B%22name%22%3A%22sahne_spotlar%5Cu0131_lazer%22%2C%22url%22%3A%22https%3A%5C%2F%5C%2Fpyrodigy.com%5C%2Fwp-content%5C%2Fuploads%5C%2F2020%5C%2F09%5C%2Fsahne_spotlari_lazer.jpg%22%2C%22size%22%3A500713%2C%22type%22%3A%22image%22%2C%22extension%22%3A%22jpeg%22%2C%22width%22%3A1800%2C%22height%22%3A1200%2C%22ext%22%3A%22jpeg%22%7D%7D%5D%2C%22undefined%22%3Anull%2C%22caption%22%3A%22%22%7D%5D%2C%22categoriesEnabled%22%3Afalse%2C%22categories%22%3A%5B%7B%22value%22%3A%22%22%2C%22name%22%3A%22%20-%20None%20-%20%22%2C%22visible%22%3Afalse%7D%2C%7B%22value%22%3A%22a27e3ed0-22a7-454a-9ad5-fa4d3a3beaf2%22%2C%22name%22%3A%22On%20the%20Wave%22%2C%22undefined%22%3Anull%7D%2C%7B%22value%22%3A%224523ac15-ce7f-471b-a3a3-a3c4ac0efbb9%22%2C%22name%22%3A%22People%22%2C%22undefined%22%3Anull%7D%5D%2C%22widgetTitle%22%3A%22%22%2C%22authorWhereToDisplay%22%3A%5B%5D%2C%22authorName%22%3A%22%22%2C%22authorDescription%22%3A%22%22%2C%22authorPhoto%22%3Anull%2C%22authorEmail%22%3A%22%22%2C%22authorPhone%22%3A%22%22%2C%22authorSocial%22%3A%5B%5D%2C%22ctaWhereToDisplay%22%3A%5B%5D%2C%22ctaButtonText%22%3A%22Hire%20me%22%2C%22ctaButtonLink%22%3A%22%22%2C%22lang%22%3A%22en%22%2C%22layout%22%3A%22grid%22%2C%22gridColumns%22%3A4%2C%22gridRows%22%3A3%2C%22gridGutter%22%3A2%2C%22gridItemAspectRatio%22%3A0.669%2C%22gridColumnsTablet%22%3A2%2C%22gridRowsTablet%22%3A2%2C%22gridColumnsMobile%22%3A1%2C%22gridRowsMobile%22%3A1%2C%22masonryColumns%22%3A3%2C%22masonryGutter%22%3A10%2C%22masonryItemsPerPage%22%3A8%2C%22masonryColumnsTablet%22%3A2%2C%22masonryColumnsMobile%22%3A1%2C%22listGutter%22%3A10%2C%22listItemsPerPage%22%3A8%2C%22listItemAspectRatio%22%3A0.333%2C%22width%22%3A%22auto%22%2C%22projectLook%22%3A%22bottomOverlay%22%2C%22projectInfoToDisplay%22%3A%5B%22name%22%2C%22caption%22%2C%22category%22%5D%2C%22projectClickAction%22%3A%22popup%22%2C%22popupInfoToDisplay%22%3A%5B%22name%22%2C%22description%22%2C%22caption%22%2C%22category%22%2C%22website%22%5D%2C%22backgroundColor%22%3A%22%22%2C%22textColor%22%3A%22rgb%2817%2C%2017%2C%2017%29%22%2C%22ctaColor%22%3A%22rgb%2828%2C%2059%2C%20255%29%22%2C%22linksColor%22%3A%22rgb%2828%2C%2059%2C%20255%29%22%2C%22projectOverlayColor%22%3A%22rgba%2817%2C%2017%2C%2017%2C%200.7%29%22%2C%22projectBackgroundColor%22%3A%22%22%2C%22projectTextColor%22%3A%22%22%2C%22popupBackgroundColor%22%3A%22rgb%28255%2C%20255%2C%20255%29%22%2C%22popupTextColor%22%3A%22rgb%2817%2C%2017%2C%2017%29%22%2C%22popupOverlayColor%22%3A%22rgba%2817%2C%2017%2C%2017%2C%200.9%29%22%2C%22popupCtaColor%22%3A%22rgb%2828%2C%2059%2C%20255%29%22%2C%22popupLinksColor%22%3A%22rgb%2828%2C%2059%2C%20255%29%22%2C%22popupTextAlignment%22%3A%22left%22%2C%22widgetId%22%3A%227%22%7D\" \n                data-elfsight-portfolio-version=\"1.1.2\"\n                data-elfsight-widget-id=\"elfsight-portfolio-7\">\n            <\/div>\n            \t\t<\/div>\n\t\t\t\t<\/div>\n\t\t\t\t\t\t<\/div>\n\t\t\t\t\t<\/div>\n\t\t<\/div>\n\t\t\t\t\t\t\t\t<\/div>\n\t\t\t\t\t<\/div>\n\t\t<\/section>\n\t\t\t\t<section class=\"elementor-section elementor-top-section elementor-element elementor-element-9339015 elementor-section-full_width elementor-section-stretched elementor-section-height-default elementor-section-height-default\" data-id=\"9339015\" data-element_type=\"section\" data-settings=\"{&quot;stretch_section&quot;:&quot;section-stretched&quot;,&quot;background_background&quot;:&quot;video&quot;,&quot;background_video_link&quot;:&quot;https:\\\/\\\/www.youtube.com\\\/watch?v=FV5zMbi0AN0&quot;,&quot;background_play_once&quot;:&quot;yes&quot;,&quot;background_play_on_mobile&quot;:&quot;yes&quot;,&quot;background_video_start&quot;:15}\">\n\t\t\t\t\t\t\t\t<div class=\"elementor-background-video-container\">\n\t\t\t\t\t\t\t\t\t\t\t\t\t<div class=\"elementor-background-video-embed\"><\/div>\n\t\t\t\t\t\t\t\t\t\t\t\t<\/div>\n\t\t\t\t\t\t\t\t<div class=\"elementor-container elementor-column-gap-no\">\n\t\t\t\t\t\t\t<div class=\"elementor-row\">\n\t\t\t\t\t<div class=\"elementor-column elementor-col-100 elementor-top-column elementor-element elementor-element-e6a1a42\" data-id=\"e6a1a42\" data-element_type=\"column\">\n\t\t\t<div class=\"elementor-column-wrap elementor-element-populated\">\n\t\t\t\t\t\t\t<div class=\"elementor-widget-wrap\">\n\t\t\t\t\t\t<div class=\"elementor-element elementor-element-bc08f99 elementor-widget elementor-widget-heading\" data-id=\"bc08f99\" data-element_type=\"widget\" data-widget_type=\"heading.default\">\n\t\t\t\t<div class=\"elementor-widget-container\">\n\t\t\t<h2 class=\"elementor-heading-title elementor-size-default\">pyrodigy<\/h2>\t\t<\/div>\n\t\t\t\t<\/div>\n\t\t\t\t\t\t<\/div>\n\t\t\t\t\t<\/div>\n\t\t<\/div>\n\t\t\t\t\t\t\t\t<\/div>\n\t\t\t\t\t<\/div>\n\t\t<\/section>\n\t\t\t\t\t\t<\/div>\n\t\t\t\t\t\t<\/div>\n\t\t\t\t\t<\/div>\n\t\t","protected":false},"excerpt":{"rendered":"<p>Sound system Mekan\u0131n\u0131z ve Hedef Kitleniz ile M\u00fckemmel Uyum Perfect Match with Your Space and Target Audience Professional sound systems set the quality of standards. Years of technical experience are required to accurately design details in a projection sound system and to achieve a perfectly balanced and tuned system. We supply equipment for multiple events,&#8230;<\/p>\n","protected":false},"author":1,"featured_media":0,"parent":0,"menu_order":0,"comment_status":"closed","ping_status":"closed","template":"","meta":[],"yoast_head":"<!-- This site is optimized with the Yoast SEO plugin v15.3 - https:\/\/yoast.com\/wordpress\/plugins\/seo\/ -->\n<title>Light, Sound and Storage Services \/ Prodigy Technical Production<\/title>\n<meta name=\"description\" content=\"We provide equipment supply for many events including Light, Sound and Stage Services, Theater, live music, television and corporate events.\" \/>\n<meta name=\"robots\" content=\"index, follow, max-snippet:-1, max-image-preview:large, max-video-preview:-1\" \/>\n<link rel=\"canonical\" href=\"https:\/\/pyrodigy.com\/en\/light-sound-and-stage-services\/\" \/>\n<meta property=\"og:locale\" content=\"en_US\" \/>\n<meta property=\"og:type\" content=\"article\" \/>\n<meta property=\"og:title\" content=\"Light, Sound and Storage Services \/ Prodigy Technical Production\" \/>\n<meta property=\"og:description\" content=\"We provide equipment supply for many events including Light, Sound and Stage Services, Theater, live music, television and corporate events.\" \/>\n<meta property=\"og:url\" content=\"https:\/\/pyrodigy.com\/en\/light-sound-and-stage-services\/\" \/>\n<meta property=\"og:site_name\" content=\"Pyrodigy Technical Production\" \/>\n<meta property=\"article:modified_time\" content=\"2023-04-18T04:09:52+00:00\" \/>\n<meta name=\"twitter:card\" content=\"summary_large_image\" \/>\n<meta name=\"twitter:label1\" content=\"Written by\">\n\t<meta name=\"twitter:data1\" content=\"admin\">\n\t<meta name=\"twitter:label2\" content=\"Est. reading time\">\n\t<meta name=\"twitter:data2\" content=\"1 minute\">\n<script type=\"application\/ld+json\" class=\"yoast-schema-graph\">{\"@context\":\"https:\/\/schema.org\",\"@graph\":[{\"@type\":\"Organization\",\"@id\":\"https:\/\/pyrodigy.com\/#organization\",\"name\":\"Pyrodigy Technical Production\",\"url\":\"https:\/\/pyrodigy.com\/\",\"sameAs\":[],\"logo\":{\"@type\":\"ImageObject\",\"@id\":\"https:\/\/pyrodigy.com\/#logo\",\"inLanguage\":\"en-US\",\"url\":\"https:\/\/pyrodigy.com\/wp-content\/uploads\/2012\/06\/pyrodigy-logo.png\",\"width\":319,\"height\":109,\"caption\":\"Pyrodigy Technical Production\"},\"image\":{\"@id\":\"https:\/\/pyrodigy.com\/#logo\"}},{\"@type\":\"WebSite\",\"@id\":\"https:\/\/pyrodigy.com\/#website\",\"url\":\"https:\/\/pyrodigy.com\/\",\"name\":\"Pyrodigy Technical Production\",\"description\":\"Ger\\u00e7ekli\\u011fin \\u00d6tesinde\",\"publisher\":{\"@id\":\"https:\/\/pyrodigy.com\/#organization\"},\"potentialAction\":[{\"@type\":\"SearchAction\",\"target\":\"https:\/\/pyrodigy.com\/?s={search_term_string}\",\"query-input\":\"required name=search_term_string\"}],\"inLanguage\":\"en-US\"},{\"@type\":\"WebPage\",\"@id\":\"https:\/\/pyrodigy.com\/en\/light-sound-and-stage-services\/#webpage\",\"url\":\"https:\/\/pyrodigy.com\/en\/light-sound-and-stage-services\/\",\"name\":\"Light, Sound and Storage Services \/ Prodigy Technical Production\",\"isPartOf\":{\"@id\":\"https:\/\/pyrodigy.com\/#website\"},\"datePublished\":\"2020-09-23T08:28:00+00:00\",\"dateModified\":\"2023-04-18T04:09:52+00:00\",\"description\":\"We provide equipment supply for many events including Light, Sound and Stage Services, Theater, live music, television and corporate events.\",\"breadcrumb\":{\"@id\":\"https:\/\/pyrodigy.com\/en\/light-sound-and-stage-services\/#breadcrumb\"},\"inLanguage\":\"en-US\",\"potentialAction\":[{\"@type\":\"ReadAction\",\"target\":[\"https:\/\/pyrodigy.com\/en\/light-sound-and-stage-services\/\"]}]},{\"@type\":\"BreadcrumbList\",\"@id\":\"https:\/\/pyrodigy.com\/en\/light-sound-and-stage-services\/#breadcrumb\",\"itemListElement\":[{\"@type\":\"ListItem\",\"position\":1,\"item\":{\"@type\":\"WebPage\",\"@id\":\"https:\/\/pyrodigy.com\/\",\"url\":\"https:\/\/pyrodigy.com\/\",\"name\":\"Ana sayfa\"}},{\"@type\":\"ListItem\",\"position\":2,\"item\":{\"@type\":\"WebPage\",\"@id\":\"https:\/\/pyrodigy.com\/en\/light-sound-and-stage-services\/\",\"url\":\"https:\/\/pyrodigy.com\/en\/light-sound-and-stage-services\/\",\"name\":\"Light, Sound and Stage Services\"}}]}]}<\/script>\n<!-- \/ Yoast SEO plugin. -->","_links":{"self":[{"href":"https:\/\/pyrodigy.com\/en\/wp-json\/wp\/v2\/pages\/4004"}],"collection":[{"href":"https:\/\/pyrodigy.com\/en\/wp-json\/wp\/v2\/pages"}],"about":[{"href":"https:\/\/pyrodigy.com\/en\/wp-json\/wp\/v2\/types\/page"}],"author":[{"embeddable":true,"href":"https:\/\/pyrodigy.com\/en\/wp-json\/wp\/v2\/users\/1"}],"replies":[{"embeddable":true,"href":"https:\/\/pyrodigy.com\/en\/wp-json\/wp\/v2\/comments?post=4004"}],"version-history":[{"count":3,"href":"https:\/\/pyrodigy.com\/en\/wp-json\/wp\/v2\/pages\/4004\/revisions"}],"predecessor-version":[{"id":4242,"href":"https:\/\/pyrodigy.com\/en\/wp-json\/wp\/v2\/pages\/4004\/revisions\/4242"}],"wp:attachment":[{"href":"https:\/\/pyrodigy.com\/en\/wp-json\/wp\/v2\/media?parent=4004"}],"curies":[{"name":"wp","href":"https:\/\/api.w.org\/{rel}","templated":true}]}}