{"id":4013,"date":"2020-09-16T11:11:50","date_gmt":"2020-09-16T08:11:50","guid":{"rendered":"https:\/\/pyrodigy.com\/urunlerimiz\/laser-show-systems\/"},"modified":"2023-04-18T05:55:37","modified_gmt":"2023-04-18T02:55:37","slug":"laser-show-systems","status":"publish","type":"product","link":"https:\/\/pyrodigy.com\/en\/products\/laser-show-systems\/","title":{"rendered":"Laser Show Systems"},"content":{"rendered":"","protected":false},"excerpt":{"rendered":"","protected":false},"featured_media":3775,"template":"","meta":[],"yoast_head":"<!-- This site is optimized with the Yoast SEO plugin v15.3 - https:\/\/yoast.com\/wordpress\/plugins\/seo\/ -->\n<title>Laser Show Systems | Pyrodigy Technical Production<\/title>\n<meta name=\"description\" content=\"Lazer Mapping gibi d\u0131\u015f mekan b\u00fcy\u00fck projelerinde kullan\u0131lan y\u00fcksek g\u00fc\u00e7l\u00fc, tamam\u0131 OPSL lazer diyotlar kullan\u0131lm\u0131\u015ft\u0131r.\" \/>\n<meta name=\"robots\" content=\"index, follow, max-snippet:-1, max-image-preview:large, max-video-preview:-1\" \/>\n<link rel=\"canonical\" href=\"https:\/\/pyrodigy.com\/en\/products\/laser-show-systems\/\" \/>\n<meta property=\"og:locale\" content=\"en_US\" \/>\n<meta property=\"og:type\" content=\"article\" \/>\n<meta property=\"og:title\" content=\"Laser Show Systems | Pyrodigy Technical Production\" \/>\n<meta property=\"og:description\" content=\"Lazer Mapping gibi d\u0131\u015f mekan b\u00fcy\u00fck projelerinde kullan\u0131lan y\u00fcksek g\u00fc\u00e7l\u00fc, tamam\u0131 OPSL lazer diyotlar kullan\u0131lm\u0131\u015ft\u0131r.\" \/>\n<meta property=\"og:url\" content=\"https:\/\/pyrodigy.com\/en\/products\/laser-show-systems\/\" \/>\n<meta property=\"og:site_name\" content=\"Pyrodigy Technical Production\" \/>\n<meta property=\"article:modified_time\" content=\"2023-04-18T02:55:37+00:00\" \/>\n<meta property=\"og:image\" content=\"https:\/\/pyrodigy.com\/wp-content\/uploads\/2020\/09\/Phantom-15-30-front-300x300-1.jpg\" \/>\n\t<meta property=\"og:image:width\" content=\"300\" \/>\n\t<meta property=\"og:image:height\" content=\"300\" \/>\n<meta name=\"twitter:card\" content=\"summary_large_image\" \/>\n<meta name=\"twitter:label1\" content=\"Written by\">\n\t<meta name=\"twitter:data1\" content=\"admin\">\n<script type=\"application\/ld+json\" class=\"yoast-schema-graph\">{\"@context\":\"https:\/\/schema.org\",\"@graph\":[{\"@type\":\"Organization\",\"@id\":\"https:\/\/pyrodigy.com\/#organization\",\"name\":\"Pyrodigy Technical Production\",\"url\":\"https:\/\/pyrodigy.com\/\",\"sameAs\":[],\"logo\":{\"@type\":\"ImageObject\",\"@id\":\"https:\/\/pyrodigy.com\/#logo\",\"inLanguage\":\"en-US\",\"url\":\"https:\/\/pyrodigy.com\/wp-content\/uploads\/2012\/06\/pyrodigy-logo.png\",\"width\":319,\"height\":109,\"caption\":\"Pyrodigy Technical Production\"},\"image\":{\"@id\":\"https:\/\/pyrodigy.com\/#logo\"}},{\"@type\":\"WebSite\",\"@id\":\"https:\/\/pyrodigy.com\/#website\",\"url\":\"https:\/\/pyrodigy.com\/\",\"name\":\"Pyrodigy Technical Production\",\"description\":\"Ger\\u00e7ekli\\u011fin \\u00d6tesinde\",\"publisher\":{\"@id\":\"https:\/\/pyrodigy.com\/#organization\"},\"potentialAction\":[{\"@type\":\"SearchAction\",\"target\":\"https:\/\/pyrodigy.com\/?s={search_term_string}\",\"query-input\":\"required name=search_term_string\"}],\"inLanguage\":\"en-US\"},{\"@type\":\"ImageObject\",\"@id\":\"https:\/\/pyrodigy.com\/en\/products\/laser-show-systems\/#primaryimage\",\"inLanguage\":\"en-US\",\"url\":\"https:\/\/pyrodigy.com\/wp-content\/uploads\/2020\/09\/Phantom-15-30-front-300x300-1.jpg\",\"width\":300,\"height\":300},{\"@type\":\"WebPage\",\"@id\":\"https:\/\/pyrodigy.com\/en\/products\/laser-show-systems\/#webpage\",\"url\":\"https:\/\/pyrodigy.com\/en\/products\/laser-show-systems\/\",\"name\":\"Laser Show Systems | Pyrodigy Technical Production\",\"isPartOf\":{\"@id\":\"https:\/\/pyrodigy.com\/#website\"},\"primaryImageOfPage\":{\"@id\":\"https:\/\/pyrodigy.com\/en\/products\/laser-show-systems\/#primaryimage\"},\"datePublished\":\"2020-09-16T08:11:50+00:00\",\"dateModified\":\"2023-04-18T02:55:37+00:00\",\"description\":\"Lazer Mapping gibi d\\u0131\\u015f mekan b\\u00fcy\\u00fck projelerinde kullan\\u0131lan y\\u00fcksek g\\u00fc\\u00e7l\\u00fc, tamam\\u0131 OPSL lazer diyotlar kullan\\u0131lm\\u0131\\u015ft\\u0131r.\",\"breadcrumb\":{\"@id\":\"https:\/\/pyrodigy.com\/en\/products\/laser-show-systems\/#breadcrumb\"},\"inLanguage\":\"en-US\",\"potentialAction\":[{\"@type\":\"ReadAction\",\"target\":[\"https:\/\/pyrodigy.com\/en\/products\/laser-show-systems\/\"]}]},{\"@type\":\"BreadcrumbList\",\"@id\":\"https:\/\/pyrodigy.com\/en\/products\/laser-show-systems\/#breadcrumb\",\"itemListElement\":[{\"@type\":\"ListItem\",\"position\":1,\"item\":{\"@type\":\"WebPage\",\"@id\":\"https:\/\/pyrodigy.com\/\",\"url\":\"https:\/\/pyrodigy.com\/\",\"name\":\"Ana sayfa\"}},{\"@type\":\"ListItem\",\"position\":2,\"item\":{\"@type\":\"WebPage\",\"@id\":\"https:\/\/pyrodigy.com\/en\/products2\/\",\"url\":\"https:\/\/pyrodigy.com\/en\/products2\/\",\"name\":\"Products\"}},{\"@type\":\"ListItem\",\"position\":3,\"item\":{\"@type\":\"WebPage\",\"@id\":\"https:\/\/pyrodigy.com\/en\/urun-kategori\/products\/\",\"url\":\"https:\/\/pyrodigy.com\/en\/urun-kategori\/products\/\",\"name\":\"Products\"}},{\"@type\":\"ListItem\",\"position\":4,\"item\":{\"@type\":\"WebPage\",\"@id\":\"https:\/\/pyrodigy.com\/en\/products\/laser-show-systems\/\",\"url\":\"https:\/\/pyrodigy.com\/en\/products\/laser-show-systems\/\",\"name\":\"Laser Show Systems\"}}]}]}<\/script>\n<!-- \/ Yoast SEO plugin. -->","_links":{"self":[{"href":"https:\/\/pyrodigy.com\/en\/wp-json\/wp\/v2\/product\/4013"}],"collection":[{"href":"https:\/\/pyrodigy.com\/en\/wp-json\/wp\/v2\/product"}],"about":[{"href":"https:\/\/pyrodigy.com\/en\/wp-json\/wp\/v2\/types\/product"}],"wp:featuredmedia":[{"embeddable":true,"href":"https:\/\/pyrodigy.com\/en\/wp-json\/wp\/v2\/media\/3775"}],"wp:attachment":[{"href":"https:\/\/pyrodigy.com\/en\/wp-json\/wp\/v2\/media?parent=4013"}],"curies":[{"name":"wp","href":"https:\/\/api.w.org\/{rel}","templated":true}]}}