{"id":4014,"date":"2020-09-16T11:23:44","date_gmt":"2020-09-16T08:23:44","guid":{"rendered":"https:\/\/pyrodigy.com\/urunlerimiz\/jet-carbon-machine\/"},"modified":"2023-04-18T05:44:56","modified_gmt":"2023-04-18T02:44:56","slug":"jet-carbon-machine","status":"publish","type":"product","link":"https:\/\/pyrodigy.com\/en\/products\/jet-carbon-machine\/","title":{"rendered":"Jet Carbon Machine"},"content":{"rendered":"","protected":false},"excerpt":{"rendered":"<p>The CO2 Confetti Machines (Super Blaster) is a powerful CO2 confetti machine ideal for large-scale events in arenas, stadiums and festivals.<\/p>\n<p>Technical specifications:<\/p>\n<p>Size: 66 x 38 x 135cm<br \/>\nWeight: 56kg<br \/>\nPower: CO2 Gas<br \/>\nControl: Manual or DMX<br \/>\nControl: Manual or DMX<br \/>\nMax. Launch Distance: 25m<br \/>\nCapacity: 10-15kg confetti paper<\/p>\n<p>They are compact systems for firing Electric Confetti and Streamer Papers. The Powershot can be placed on stages or mounted on truss beams using a base plate. It can be controlled with DMX.<\/p>\n<p>Technical specifications:<\/p>\n<p>Producer:<br \/>\nWeight: 56kg<br \/>\nWeight: 56kg<br \/>\nWeight: 56kg<br \/>\nWeight: 56kg<br \/>\nMax. Launch Distance: 25m<br \/>\nCapacity: 10-15kg confetti paper<\/p>\n<p>Specification<br \/>\nManufacturer: MagicFX<br \/>\nDimensions (LxWxH): 13x12x16 cm<br \/>\nWeight (KG): 1.95<br \/>\nVoltage: 230V<br \/>\nPower: 100 W<br \/>\nControl: 230V on\/off or DMX by using a Switch Pack<br \/>\nConsumption: Electric cannons<\/p>\n","protected":false},"featured_media":3780,"template":"","meta":[],"yoast_head":"<!-- This site is optimized with the Yoast SEO plugin v15.3 - https:\/\/yoast.com\/wordpress\/plugins\/seo\/ -->\n<title>Jet Carbon Machine | Pyrodigy Technical Production<\/title>\n<meta name=\"description\" content=\"Jet Karbon Makinas\u0131, arenalarda, stadyumlarda ve festivallerde b\u00fcy\u00fck \u00f6l\u00e7ekli etkinlikler i\u00e7in ideal, g\u00fc\u00e7l\u00fc bir CO2 konfeti makinesidir.\" \/>\n<meta name=\"robots\" content=\"index, follow, max-snippet:-1, max-image-preview:large, max-video-preview:-1\" \/>\n<link rel=\"canonical\" href=\"https:\/\/pyrodigy.com\/en\/products\/jet-carbon-machine\/\" \/>\n<meta property=\"og:locale\" content=\"en_US\" \/>\n<meta property=\"og:type\" content=\"article\" \/>\n<meta property=\"og:title\" content=\"Jet Carbon Machine | Pyrodigy Technical Production\" \/>\n<meta property=\"og:description\" content=\"Jet Karbon Makinas\u0131, arenalarda, stadyumlarda ve festivallerde b\u00fcy\u00fck \u00f6l\u00e7ekli etkinlikler i\u00e7in ideal, g\u00fc\u00e7l\u00fc bir CO2 konfeti makinesidir.\" \/>\n<meta property=\"og:url\" content=\"https:\/\/pyrodigy.com\/en\/products\/jet-carbon-machine\/\" \/>\n<meta property=\"og:site_name\" content=\"Pyrodigy Technical Production\" \/>\n<meta property=\"article:modified_time\" content=\"2023-04-18T02:44:56+00:00\" \/>\n<meta property=\"og:image\" content=\"https:\/\/pyrodigy.com\/wp-content\/uploads\/2020\/09\/c2o-scaled.jpg\" \/>\n\t<meta property=\"og:image:width\" content=\"2560\" \/>\n\t<meta property=\"og:image:height\" content=\"1707\" \/>\n<meta name=\"twitter:card\" content=\"summary_large_image\" \/>\n<meta name=\"twitter:label1\" content=\"Written by\">\n\t<meta name=\"twitter:data1\" content=\"admin\">\n<script type=\"application\/ld+json\" class=\"yoast-schema-graph\">{\"@context\":\"https:\/\/schema.org\",\"@graph\":[{\"@type\":\"Organization\",\"@id\":\"https:\/\/pyrodigy.com\/#organization\",\"name\":\"Pyrodigy Technical Production\",\"url\":\"https:\/\/pyrodigy.com\/\",\"sameAs\":[],\"logo\":{\"@type\":\"ImageObject\",\"@id\":\"https:\/\/pyrodigy.com\/#logo\",\"inLanguage\":\"en-US\",\"url\":\"https:\/\/pyrodigy.com\/wp-content\/uploads\/2012\/06\/pyrodigy-logo.png\",\"width\":319,\"height\":109,\"caption\":\"Pyrodigy Technical Production\"},\"image\":{\"@id\":\"https:\/\/pyrodigy.com\/#logo\"}},{\"@type\":\"WebSite\",\"@id\":\"https:\/\/pyrodigy.com\/#website\",\"url\":\"https:\/\/pyrodigy.com\/\",\"name\":\"Pyrodigy Technical Production\",\"description\":\"Ger\\u00e7ekli\\u011fin \\u00d6tesinde\",\"publisher\":{\"@id\":\"https:\/\/pyrodigy.com\/#organization\"},\"potentialAction\":[{\"@type\":\"SearchAction\",\"target\":\"https:\/\/pyrodigy.com\/?s={search_term_string}\",\"query-input\":\"required name=search_term_string\"}],\"inLanguage\":\"en-US\"},{\"@type\":\"ImageObject\",\"@id\":\"https:\/\/pyrodigy.com\/en\/products\/jet-carbon-machine\/#primaryimage\",\"inLanguage\":\"en-US\",\"url\":\"https:\/\/pyrodigy.com\/wp-content\/uploads\/2020\/09\/c2o-scaled.jpg\",\"width\":2560,\"height\":1707},{\"@type\":\"WebPage\",\"@id\":\"https:\/\/pyrodigy.com\/en\/products\/jet-carbon-machine\/#webpage\",\"url\":\"https:\/\/pyrodigy.com\/en\/products\/jet-carbon-machine\/\",\"name\":\"Jet Carbon Machine | Pyrodigy Technical Production\",\"isPartOf\":{\"@id\":\"https:\/\/pyrodigy.com\/#website\"},\"primaryImageOfPage\":{\"@id\":\"https:\/\/pyrodigy.com\/en\/products\/jet-carbon-machine\/#primaryimage\"},\"datePublished\":\"2020-09-16T08:23:44+00:00\",\"dateModified\":\"2023-04-18T02:44:56+00:00\",\"description\":\"Jet Karbon Makinas\\u0131, arenalarda, stadyumlarda ve festivallerde b\\u00fcy\\u00fck \\u00f6l\\u00e7ekli etkinlikler i\\u00e7in ideal, g\\u00fc\\u00e7l\\u00fc bir CO2 konfeti makinesidir.\",\"breadcrumb\":{\"@id\":\"https:\/\/pyrodigy.com\/en\/products\/jet-carbon-machine\/#breadcrumb\"},\"inLanguage\":\"en-US\",\"potentialAction\":[{\"@type\":\"ReadAction\",\"target\":[\"https:\/\/pyrodigy.com\/en\/products\/jet-carbon-machine\/\"]}]},{\"@type\":\"BreadcrumbList\",\"@id\":\"https:\/\/pyrodigy.com\/en\/products\/jet-carbon-machine\/#breadcrumb\",\"itemListElement\":[{\"@type\":\"ListItem\",\"position\":1,\"item\":{\"@type\":\"WebPage\",\"@id\":\"https:\/\/pyrodigy.com\/\",\"url\":\"https:\/\/pyrodigy.com\/\",\"name\":\"Ana sayfa\"}},{\"@type\":\"ListItem\",\"position\":2,\"item\":{\"@type\":\"WebPage\",\"@id\":\"https:\/\/pyrodigy.com\/en\/products2\/\",\"url\":\"https:\/\/pyrodigy.com\/en\/products2\/\",\"name\":\"Products\"}},{\"@type\":\"ListItem\",\"position\":3,\"item\":{\"@type\":\"WebPage\",\"@id\":\"https:\/\/pyrodigy.com\/en\/urun-kategori\/products\/\",\"url\":\"https:\/\/pyrodigy.com\/en\/urun-kategori\/products\/\",\"name\":\"Products\"}},{\"@type\":\"ListItem\",\"position\":4,\"item\":{\"@type\":\"WebPage\",\"@id\":\"https:\/\/pyrodigy.com\/en\/products\/jet-carbon-machine\/\",\"url\":\"https:\/\/pyrodigy.com\/en\/products\/jet-carbon-machine\/\",\"name\":\"Jet Carbon Machine\"}}]}]}<\/script>\n<!-- \/ Yoast SEO plugin. -->","_links":{"self":[{"href":"https:\/\/pyrodigy.com\/en\/wp-json\/wp\/v2\/product\/4014"}],"collection":[{"href":"https:\/\/pyrodigy.com\/en\/wp-json\/wp\/v2\/product"}],"about":[{"href":"https:\/\/pyrodigy.com\/en\/wp-json\/wp\/v2\/types\/product"}],"wp:featuredmedia":[{"embeddable":true,"href":"https:\/\/pyrodigy.com\/en\/wp-json\/wp\/v2\/media\/3780"}],"wp:attachment":[{"href":"https:\/\/pyrodigy.com\/en\/wp-json\/wp\/v2\/media?parent=4014"}],"curies":[{"name":"wp","href":"https:\/\/api.w.org\/{rel}","templated":true}]}}