{"id":4016,"date":"2020-09-16T11:27:32","date_gmt":"2020-09-16T08:27:32","guid":{"rendered":"https:\/\/pyrodigy.com\/urunlerimiz\/flame-machine\/"},"modified":"2023-04-18T05:45:23","modified_gmt":"2023-04-18T02:45:23","slug":"flame-machine","status":"publish","type":"product","link":"https:\/\/pyrodigy.com\/en\/products\/flame-machine\/","title":{"rendered":"Flame Machine"},"content":{"rendered":"","protected":false},"excerpt":{"rendered":"<p>Flame Projectors, DMX Controlled, are used to create flame effects synchronized with music. Thanks to its robust construction, the gas projector is particularly well suited for outdoor use.<\/p>\n<p>Technical specifications:<br \/>\nTechnical specifications:<br \/>\nDimensions: 260 x 260 x 390mm<br \/>\nWeight:6.8kg<br \/>\nWeight:6.8kg<br \/>\nWeight:6.8kg<br \/>\nWeight:6.8kg<\/p>\n","protected":false},"featured_media":3785,"template":"","meta":[],"yoast_head":"<!-- This site is optimized with the Yoast SEO plugin v15.3 - https:\/\/yoast.com\/wordpress\/plugins\/seo\/ -->\n<title>Flame Machine | Pyrodigy Technical Production | Ger\u00e7ekli\u011fin \u00f6tesinde<\/title>\n<meta name=\"description\" content=\"Alev Makinas\u0131, Alev Projekt\u00f6rleri, DMX Kontroll\u00fc, m\u00fczik ile senkronize alev efektlerinin yarat\u0131lmas\u0131nda kullan\u0131l\u0131r. ,\" \/>\n<meta name=\"robots\" content=\"index, follow, max-snippet:-1, max-image-preview:large, max-video-preview:-1\" \/>\n<link rel=\"canonical\" href=\"https:\/\/pyrodigy.com\/en\/products\/flame-machine\/\" \/>\n<meta property=\"og:locale\" content=\"en_US\" \/>\n<meta property=\"og:type\" content=\"article\" \/>\n<meta property=\"og:title\" content=\"Flame Machine | Pyrodigy Technical Production | Ger\u00e7ekli\u011fin \u00f6tesinde\" \/>\n<meta property=\"og:description\" content=\"Alev Makinas\u0131, Alev Projekt\u00f6rleri, DMX Kontroll\u00fc, m\u00fczik ile senkronize alev efektlerinin yarat\u0131lmas\u0131nda kullan\u0131l\u0131r. ,\" \/>\n<meta property=\"og:url\" content=\"https:\/\/pyrodigy.com\/en\/products\/flame-machine\/\" \/>\n<meta property=\"og:site_name\" content=\"Pyrodigy Technical Production\" \/>\n<meta property=\"article:modified_time\" content=\"2023-04-18T02:45:23+00:00\" \/>\n<meta property=\"og:image\" content=\"https:\/\/pyrodigy.com\/wp-content\/uploads\/2020\/09\/GX2_12V_Oben.jpg\" \/>\n\t<meta property=\"og:image:width\" content=\"700\" \/>\n\t<meta property=\"og:image:height\" content=\"600\" \/>\n<meta name=\"twitter:card\" content=\"summary_large_image\" \/>\n<meta name=\"twitter:label1\" content=\"Written by\">\n\t<meta name=\"twitter:data1\" content=\"admin\">\n<script type=\"application\/ld+json\" class=\"yoast-schema-graph\">{\"@context\":\"https:\/\/schema.org\",\"@graph\":[{\"@type\":\"Organization\",\"@id\":\"https:\/\/pyrodigy.com\/#organization\",\"name\":\"Pyrodigy Technical Production\",\"url\":\"https:\/\/pyrodigy.com\/\",\"sameAs\":[],\"logo\":{\"@type\":\"ImageObject\",\"@id\":\"https:\/\/pyrodigy.com\/#logo\",\"inLanguage\":\"en-US\",\"url\":\"https:\/\/pyrodigy.com\/wp-content\/uploads\/2012\/06\/pyrodigy-logo.png\",\"width\":319,\"height\":109,\"caption\":\"Pyrodigy Technical Production\"},\"image\":{\"@id\":\"https:\/\/pyrodigy.com\/#logo\"}},{\"@type\":\"WebSite\",\"@id\":\"https:\/\/pyrodigy.com\/#website\",\"url\":\"https:\/\/pyrodigy.com\/\",\"name\":\"Pyrodigy Technical Production\",\"description\":\"Ger\\u00e7ekli\\u011fin \\u00d6tesinde\",\"publisher\":{\"@id\":\"https:\/\/pyrodigy.com\/#organization\"},\"potentialAction\":[{\"@type\":\"SearchAction\",\"target\":\"https:\/\/pyrodigy.com\/?s={search_term_string}\",\"query-input\":\"required name=search_term_string\"}],\"inLanguage\":\"en-US\"},{\"@type\":\"ImageObject\",\"@id\":\"https:\/\/pyrodigy.com\/en\/products\/flame-machine\/#primaryimage\",\"inLanguage\":\"en-US\",\"url\":\"https:\/\/pyrodigy.com\/wp-content\/uploads\/2020\/09\/GX2_12V_Oben.jpg\",\"width\":700,\"height\":600},{\"@type\":\"WebPage\",\"@id\":\"https:\/\/pyrodigy.com\/en\/products\/flame-machine\/#webpage\",\"url\":\"https:\/\/pyrodigy.com\/en\/products\/flame-machine\/\",\"name\":\"Flame Machine | Pyrodigy Technical Production | Ger\\u00e7ekli\\u011fin \\u00f6tesinde\",\"isPartOf\":{\"@id\":\"https:\/\/pyrodigy.com\/#website\"},\"primaryImageOfPage\":{\"@id\":\"https:\/\/pyrodigy.com\/en\/products\/flame-machine\/#primaryimage\"},\"datePublished\":\"2020-09-16T08:27:32+00:00\",\"dateModified\":\"2023-04-18T02:45:23+00:00\",\"description\":\"Alev Makinas\\u0131, Alev Projekt\\u00f6rleri, DMX Kontroll\\u00fc, m\\u00fczik ile senkronize alev efektlerinin yarat\\u0131lmas\\u0131nda kullan\\u0131l\\u0131r. ,\",\"breadcrumb\":{\"@id\":\"https:\/\/pyrodigy.com\/en\/products\/flame-machine\/#breadcrumb\"},\"inLanguage\":\"en-US\",\"potentialAction\":[{\"@type\":\"ReadAction\",\"target\":[\"https:\/\/pyrodigy.com\/en\/products\/flame-machine\/\"]}]},{\"@type\":\"BreadcrumbList\",\"@id\":\"https:\/\/pyrodigy.com\/en\/products\/flame-machine\/#breadcrumb\",\"itemListElement\":[{\"@type\":\"ListItem\",\"position\":1,\"item\":{\"@type\":\"WebPage\",\"@id\":\"https:\/\/pyrodigy.com\/\",\"url\":\"https:\/\/pyrodigy.com\/\",\"name\":\"Ana sayfa\"}},{\"@type\":\"ListItem\",\"position\":2,\"item\":{\"@type\":\"WebPage\",\"@id\":\"https:\/\/pyrodigy.com\/en\/products2\/\",\"url\":\"https:\/\/pyrodigy.com\/en\/products2\/\",\"name\":\"Products\"}},{\"@type\":\"ListItem\",\"position\":3,\"item\":{\"@type\":\"WebPage\",\"@id\":\"https:\/\/pyrodigy.com\/en\/urun-kategori\/products\/\",\"url\":\"https:\/\/pyrodigy.com\/en\/urun-kategori\/products\/\",\"name\":\"Products\"}},{\"@type\":\"ListItem\",\"position\":4,\"item\":{\"@type\":\"WebPage\",\"@id\":\"https:\/\/pyrodigy.com\/en\/products\/flame-machine\/\",\"url\":\"https:\/\/pyrodigy.com\/en\/products\/flame-machine\/\",\"name\":\"Flame Machine\"}}]}]}<\/script>\n<!-- \/ Yoast SEO plugin. -->","_links":{"self":[{"href":"https:\/\/pyrodigy.com\/en\/wp-json\/wp\/v2\/product\/4016"}],"collection":[{"href":"https:\/\/pyrodigy.com\/en\/wp-json\/wp\/v2\/product"}],"about":[{"href":"https:\/\/pyrodigy.com\/en\/wp-json\/wp\/v2\/types\/product"}],"wp:featuredmedia":[{"embeddable":true,"href":"https:\/\/pyrodigy.com\/en\/wp-json\/wp\/v2\/media\/3785"}],"wp:attachment":[{"href":"https:\/\/pyrodigy.com\/en\/wp-json\/wp\/v2\/media?parent=4016"}],"curies":[{"name":"wp","href":"https:\/\/api.w.org\/{rel}","templated":true}]}}