{"id":4017,"date":"2020-09-16T11:29:41","date_gmt":"2020-09-16T08:29:41","guid":{"rendered":"https:\/\/pyrodigy.com\/urunlerimiz\/spark-machine\/"},"modified":"2023-04-18T05:45:47","modified_gmt":"2023-04-18T02:45:47","slug":"spark-machine","status":"publish","type":"product","link":"https:\/\/pyrodigy.com\/en\/products\/spark-machine\/","title":{"rendered":"Spark Machine"},"content":{"rendered":"","protected":false},"excerpt":{"rendered":"<p>Spark Machine<\/p>\n<p>It is an alternative Volkan machine that can work with DMX or an external control system.<\/p>\n<p>Technical specifications:<\/p>\n<p>Manufacturer: SHOWEN<br \/>\nDimension: 155 x 38 x 135mm<br \/>\nWeight: 8 kg<br \/>\nPower: 220V AC 180W<br \/>\nControl: DMX, Remote control<br \/>\nRequirement: Special powder liquid<br \/>\nMax. Requirement: Special powder liquid<br \/>\nRun time: 30 minutes with 200 g fuel<\/p>\n","protected":false},"featured_media":3797,"template":"","meta":[],"yoast_head":"<!-- This site is optimized with the Yoast SEO plugin v15.3 - https:\/\/yoast.com\/wordpress\/plugins\/seo\/ -->\n<title>Spark Machine | Pyrodigy Technical Production | Ger\u00e7ekli\u011fin \u00f6tesinde<\/title>\n<meta name=\"description\" content=\"K\u0131v\u0131lc\u0131m Makinesi DMX veya harici bir kontrol sistemi ile \u00e7al\u0131\u015fabilen alternatif Volkan makinesidir.\" \/>\n<meta name=\"robots\" content=\"index, follow, max-snippet:-1, max-image-preview:large, max-video-preview:-1\" \/>\n<link rel=\"canonical\" href=\"https:\/\/pyrodigy.com\/en\/products\/spark-machine\/\" \/>\n<meta property=\"og:locale\" content=\"en_US\" \/>\n<meta property=\"og:type\" content=\"article\" \/>\n<meta property=\"og:title\" content=\"Spark Machine | Pyrodigy Technical Production | Ger\u00e7ekli\u011fin \u00f6tesinde\" \/>\n<meta property=\"og:description\" content=\"K\u0131v\u0131lc\u0131m Makinesi DMX veya harici bir kontrol sistemi ile \u00e7al\u0131\u015fabilen alternatif Volkan makinesidir.\" \/>\n<meta property=\"og:url\" content=\"https:\/\/pyrodigy.com\/en\/products\/spark-machine\/\" \/>\n<meta property=\"og:site_name\" content=\"Pyrodigy Technical Production\" \/>\n<meta property=\"article:modified_time\" content=\"2023-04-18T02:45:47+00:00\" \/>\n<meta property=\"og:image\" content=\"https:\/\/pyrodigy.com\/wp-content\/uploads\/2020\/09\/sparkular-scaled.jpg\" \/>\n\t<meta property=\"og:image:width\" content=\"2560\" \/>\n\t<meta property=\"og:image:height\" content=\"1707\" \/>\n<meta name=\"twitter:card\" content=\"summary_large_image\" \/>\n<meta name=\"twitter:label1\" content=\"Written by\">\n\t<meta name=\"twitter:data1\" content=\"admin\">\n<script type=\"application\/ld+json\" class=\"yoast-schema-graph\">{\"@context\":\"https:\/\/schema.org\",\"@graph\":[{\"@type\":\"Organization\",\"@id\":\"https:\/\/pyrodigy.com\/#organization\",\"name\":\"Pyrodigy Technical Production\",\"url\":\"https:\/\/pyrodigy.com\/\",\"sameAs\":[],\"logo\":{\"@type\":\"ImageObject\",\"@id\":\"https:\/\/pyrodigy.com\/#logo\",\"inLanguage\":\"en-US\",\"url\":\"https:\/\/pyrodigy.com\/wp-content\/uploads\/2012\/06\/pyrodigy-logo.png\",\"width\":319,\"height\":109,\"caption\":\"Pyrodigy Technical Production\"},\"image\":{\"@id\":\"https:\/\/pyrodigy.com\/#logo\"}},{\"@type\":\"WebSite\",\"@id\":\"https:\/\/pyrodigy.com\/#website\",\"url\":\"https:\/\/pyrodigy.com\/\",\"name\":\"Pyrodigy Technical Production\",\"description\":\"Ger\\u00e7ekli\\u011fin \\u00d6tesinde\",\"publisher\":{\"@id\":\"https:\/\/pyrodigy.com\/#organization\"},\"potentialAction\":[{\"@type\":\"SearchAction\",\"target\":\"https:\/\/pyrodigy.com\/?s={search_term_string}\",\"query-input\":\"required name=search_term_string\"}],\"inLanguage\":\"en-US\"},{\"@type\":\"ImageObject\",\"@id\":\"https:\/\/pyrodigy.com\/en\/products\/spark-machine\/#primaryimage\",\"inLanguage\":\"en-US\",\"url\":\"https:\/\/pyrodigy.com\/wp-content\/uploads\/2020\/09\/sparkular-scaled.jpg\",\"width\":2560,\"height\":1707},{\"@type\":\"WebPage\",\"@id\":\"https:\/\/pyrodigy.com\/en\/products\/spark-machine\/#webpage\",\"url\":\"https:\/\/pyrodigy.com\/en\/products\/spark-machine\/\",\"name\":\"Spark Machine | Pyrodigy Technical Production | Ger\\u00e7ekli\\u011fin \\u00f6tesinde\",\"isPartOf\":{\"@id\":\"https:\/\/pyrodigy.com\/#website\"},\"primaryImageOfPage\":{\"@id\":\"https:\/\/pyrodigy.com\/en\/products\/spark-machine\/#primaryimage\"},\"datePublished\":\"2020-09-16T08:29:41+00:00\",\"dateModified\":\"2023-04-18T02:45:47+00:00\",\"description\":\"K\\u0131v\\u0131lc\\u0131m Makinesi DMX veya harici bir kontrol sistemi ile \\u00e7al\\u0131\\u015fabilen alternatif Volkan makinesidir.\",\"breadcrumb\":{\"@id\":\"https:\/\/pyrodigy.com\/en\/products\/spark-machine\/#breadcrumb\"},\"inLanguage\":\"en-US\",\"potentialAction\":[{\"@type\":\"ReadAction\",\"target\":[\"https:\/\/pyrodigy.com\/en\/products\/spark-machine\/\"]}]},{\"@type\":\"BreadcrumbList\",\"@id\":\"https:\/\/pyrodigy.com\/en\/products\/spark-machine\/#breadcrumb\",\"itemListElement\":[{\"@type\":\"ListItem\",\"position\":1,\"item\":{\"@type\":\"WebPage\",\"@id\":\"https:\/\/pyrodigy.com\/\",\"url\":\"https:\/\/pyrodigy.com\/\",\"name\":\"Ana sayfa\"}},{\"@type\":\"ListItem\",\"position\":2,\"item\":{\"@type\":\"WebPage\",\"@id\":\"https:\/\/pyrodigy.com\/en\/products2\/\",\"url\":\"https:\/\/pyrodigy.com\/en\/products2\/\",\"name\":\"Products\"}},{\"@type\":\"ListItem\",\"position\":3,\"item\":{\"@type\":\"WebPage\",\"@id\":\"https:\/\/pyrodigy.com\/en\/urun-kategori\/products\/\",\"url\":\"https:\/\/pyrodigy.com\/en\/urun-kategori\/products\/\",\"name\":\"Products\"}},{\"@type\":\"ListItem\",\"position\":4,\"item\":{\"@type\":\"WebPage\",\"@id\":\"https:\/\/pyrodigy.com\/en\/products\/spark-machine\/\",\"url\":\"https:\/\/pyrodigy.com\/en\/products\/spark-machine\/\",\"name\":\"Spark Machine\"}}]}]}<\/script>\n<!-- \/ Yoast SEO plugin. -->","_links":{"self":[{"href":"https:\/\/pyrodigy.com\/en\/wp-json\/wp\/v2\/product\/4017"}],"collection":[{"href":"https:\/\/pyrodigy.com\/en\/wp-json\/wp\/v2\/product"}],"about":[{"href":"https:\/\/pyrodigy.com\/en\/wp-json\/wp\/v2\/types\/product"}],"wp:featuredmedia":[{"embeddable":true,"href":"https:\/\/pyrodigy.com\/en\/wp-json\/wp\/v2\/media\/3797"}],"wp:attachment":[{"href":"https:\/\/pyrodigy.com\/en\/wp-json\/wp\/v2\/media?parent=4017"}],"curies":[{"name":"wp","href":"https:\/\/api.w.org\/{rel}","templated":true}]}}