{"id":4018,"date":"2020-09-23T13:16:32","date_gmt":"2020-09-23T10:16:32","guid":{"rendered":"https:\/\/pyrodigy.com\/urunlerimiz\/water-curtain-system\/"},"modified":"2023-04-18T05:46:26","modified_gmt":"2023-04-18T02:46:26","slug":"water-curtain-system","status":"publish","type":"product","link":"https:\/\/pyrodigy.com\/en\/products\/water-curtain-system\/","title":{"rendered":"Water Curtain System"},"content":{"rendered":"","protected":false},"excerpt":{"rendered":"<p>Giant water curtain is designed to spray water in a semi-circle within a radius of 15 meters with specially manufactured high pressure pumps and special nozzles of our own design, at a flow rate of 300 m3\/h per hour at 16 bar pressure.<\/p>\n<p>We can make magnificent visual presentations with HD18K 1080 HD DLP projection systems and 20W RGB Color Laser show systems on the water curtain. We also sell water curtain systems.<\/p>\n<p><strong><em>We have adopted the principle of being a producer, not a technology importer. Our Water Curtain system is our own design and production.<\/em><\/strong><\/p>\n","protected":false},"featured_media":3857,"template":"","meta":[],"yoast_head":"<!-- This site is optimized with the Yoast SEO plugin v15.3 - https:\/\/yoast.com\/wordpress\/plugins\/seo\/ -->\n<title>Water Curtain System | Pyrodigy Technical Production | Ger\u00e7ekli\u011fin \u00f6tesinde<\/title>\n<meta name=\"description\" content=\"Su perdesi HD18K 1080 HD DLP projeksiyon sistemleri ve 20W RGB Renkli Lazer show sistemleri ile muhte\u015fem g\u00f6rsel sunumlar yap\u0131labiliyoruz.\" \/>\n<meta name=\"robots\" content=\"index, follow, max-snippet:-1, max-image-preview:large, max-video-preview:-1\" \/>\n<link rel=\"canonical\" href=\"https:\/\/pyrodigy.com\/en\/products\/water-curtain-system\/\" \/>\n<meta property=\"og:locale\" content=\"en_US\" \/>\n<meta property=\"og:type\" content=\"article\" \/>\n<meta property=\"og:title\" content=\"Water Curtain System | Pyrodigy Technical Production | Ger\u00e7ekli\u011fin \u00f6tesinde\" \/>\n<meta property=\"og:description\" content=\"Su perdesi HD18K 1080 HD DLP projeksiyon sistemleri ve 20W RGB Renkli Lazer show sistemleri ile muhte\u015fem g\u00f6rsel sunumlar yap\u0131labiliyoruz.\" \/>\n<meta property=\"og:url\" content=\"https:\/\/pyrodigy.com\/en\/products\/water-curtain-system\/\" \/>\n<meta property=\"og:site_name\" content=\"Pyrodigy Technical Production\" \/>\n<meta property=\"article:modified_time\" content=\"2023-04-18T02:46:26+00:00\" \/>\n<meta property=\"og:image\" content=\"https:\/\/pyrodigy.com\/wp-content\/uploads\/2020\/09\/Gallery-19-Laservision-Aqua-Magic-Darling-Harbour-Water-Screen.jpg\" \/>\n\t<meta property=\"og:image:width\" content=\"1920\" \/>\n\t<meta property=\"og:image:height\" content=\"1080\" \/>\n<meta name=\"twitter:card\" content=\"summary_large_image\" \/>\n<meta name=\"twitter:label1\" content=\"Written by\">\n\t<meta name=\"twitter:data1\" content=\"admin\">\n<script type=\"application\/ld+json\" class=\"yoast-schema-graph\">{\"@context\":\"https:\/\/schema.org\",\"@graph\":[{\"@type\":\"Organization\",\"@id\":\"https:\/\/pyrodigy.com\/#organization\",\"name\":\"Pyrodigy Technical Production\",\"url\":\"https:\/\/pyrodigy.com\/\",\"sameAs\":[],\"logo\":{\"@type\":\"ImageObject\",\"@id\":\"https:\/\/pyrodigy.com\/#logo\",\"inLanguage\":\"en-US\",\"url\":\"https:\/\/pyrodigy.com\/wp-content\/uploads\/2012\/06\/pyrodigy-logo.png\",\"width\":319,\"height\":109,\"caption\":\"Pyrodigy Technical Production\"},\"image\":{\"@id\":\"https:\/\/pyrodigy.com\/#logo\"}},{\"@type\":\"WebSite\",\"@id\":\"https:\/\/pyrodigy.com\/#website\",\"url\":\"https:\/\/pyrodigy.com\/\",\"name\":\"Pyrodigy Technical Production\",\"description\":\"Ger\\u00e7ekli\\u011fin \\u00d6tesinde\",\"publisher\":{\"@id\":\"https:\/\/pyrodigy.com\/#organization\"},\"potentialAction\":[{\"@type\":\"SearchAction\",\"target\":\"https:\/\/pyrodigy.com\/?s={search_term_string}\",\"query-input\":\"required name=search_term_string\"}],\"inLanguage\":\"en-US\"},{\"@type\":\"ImageObject\",\"@id\":\"https:\/\/pyrodigy.com\/en\/products\/water-curtain-system\/#primaryimage\",\"inLanguage\":\"en-US\",\"url\":\"https:\/\/pyrodigy.com\/wp-content\/uploads\/2020\/09\/Gallery-19-Laservision-Aqua-Magic-Darling-Harbour-Water-Screen.jpg\",\"width\":1920,\"height\":1080},{\"@type\":\"WebPage\",\"@id\":\"https:\/\/pyrodigy.com\/en\/products\/water-curtain-system\/#webpage\",\"url\":\"https:\/\/pyrodigy.com\/en\/products\/water-curtain-system\/\",\"name\":\"Water Curtain System | Pyrodigy Technical Production | Ger\\u00e7ekli\\u011fin \\u00f6tesinde\",\"isPartOf\":{\"@id\":\"https:\/\/pyrodigy.com\/#website\"},\"primaryImageOfPage\":{\"@id\":\"https:\/\/pyrodigy.com\/en\/products\/water-curtain-system\/#primaryimage\"},\"datePublished\":\"2020-09-23T10:16:32+00:00\",\"dateModified\":\"2023-04-18T02:46:26+00:00\",\"description\":\"Su perdesi HD18K 1080 HD DLP projeksiyon sistemleri ve 20W RGB Renkli Lazer show sistemleri ile muhte\\u015fem g\\u00f6rsel sunumlar yap\\u0131labiliyoruz.\",\"breadcrumb\":{\"@id\":\"https:\/\/pyrodigy.com\/en\/products\/water-curtain-system\/#breadcrumb\"},\"inLanguage\":\"en-US\",\"potentialAction\":[{\"@type\":\"ReadAction\",\"target\":[\"https:\/\/pyrodigy.com\/en\/products\/water-curtain-system\/\"]}]},{\"@type\":\"BreadcrumbList\",\"@id\":\"https:\/\/pyrodigy.com\/en\/products\/water-curtain-system\/#breadcrumb\",\"itemListElement\":[{\"@type\":\"ListItem\",\"position\":1,\"item\":{\"@type\":\"WebPage\",\"@id\":\"https:\/\/pyrodigy.com\/\",\"url\":\"https:\/\/pyrodigy.com\/\",\"name\":\"Ana sayfa\"}},{\"@type\":\"ListItem\",\"position\":2,\"item\":{\"@type\":\"WebPage\",\"@id\":\"https:\/\/pyrodigy.com\/en\/products2\/\",\"url\":\"https:\/\/pyrodigy.com\/en\/products2\/\",\"name\":\"Products\"}},{\"@type\":\"ListItem\",\"position\":3,\"item\":{\"@type\":\"WebPage\",\"@id\":\"https:\/\/pyrodigy.com\/en\/urun-kategori\/products\/\",\"url\":\"https:\/\/pyrodigy.com\/en\/urun-kategori\/products\/\",\"name\":\"Products\"}},{\"@type\":\"ListItem\",\"position\":4,\"item\":{\"@type\":\"WebPage\",\"@id\":\"https:\/\/pyrodigy.com\/en\/products\/water-curtain-system\/\",\"url\":\"https:\/\/pyrodigy.com\/en\/products\/water-curtain-system\/\",\"name\":\"Water Curtain System\"}}]}]}<\/script>\n<!-- \/ Yoast SEO plugin. -->","_links":{"self":[{"href":"https:\/\/pyrodigy.com\/en\/wp-json\/wp\/v2\/product\/4018"}],"collection":[{"href":"https:\/\/pyrodigy.com\/en\/wp-json\/wp\/v2\/product"}],"about":[{"href":"https:\/\/pyrodigy.com\/en\/wp-json\/wp\/v2\/types\/product"}],"wp:featuredmedia":[{"embeddable":true,"href":"https:\/\/pyrodigy.com\/en\/wp-json\/wp\/v2\/media\/3857"}],"wp:attachment":[{"href":"https:\/\/pyrodigy.com\/en\/wp-json\/wp\/v2\/media?parent=4018"}],"curies":[{"name":"wp","href":"https:\/\/api.w.org\/{rel}","templated":true}]}}