{"id":4022,"date":"2020-09-16T11:31:57","date_gmt":"2020-09-16T08:31:57","guid":{"rendered":"https:\/\/pyrodigy.com\/urunlerimiz\/fog-and-bubble-machine\/"},"modified":"2023-04-18T05:46:09","modified_gmt":"2023-04-18T02:46:09","slug":"fog-and-bubble-machine","status":"publish","type":"product","link":"https:\/\/pyrodigy.com\/en\/products\/fog-and-bubble-machine\/","title":{"rendered":"Fog and Bubble Machine"},"content":{"rendered":"","protected":false},"excerpt":{"rendered":"<p>The machine is powerful enough to fill with a layer of heavy fog in a short time, even at large large-area demonstrations. The machine is powerful enough to fill with a layer of heavy fog in a short time, even at large large-area demonstrations. The machine is powerful enough to fill with a layer of heavy fog in a short time, even at large large-area demonstrations.<\/p>\n<p>Liquid CO2 is supplied from a low pressure tank (20 \u2013 24 Bar) connected to the machine by a hose. Intelligent technology ensures that the fogging process does not start before the cooling chamber reaches the correct temperature.<\/p>\n<p>Intelligent technology ensures that the fogging process does not start before the cooling chamber reaches the correct temperature. As a result, no &#8220;warm&#8221; fog that will rise can escape the machine. CRYO-FOG is compact size, light weight, powerful output, low noise and easy to use.<\/p>\n","protected":false},"featured_media":3803,"template":"","meta":[],"yoast_head":"<!-- This site is optimized with the Yoast SEO plugin v15.3 - https:\/\/yoast.com\/wordpress\/plugins\/seo\/ -->\n<title>Fog and Bubble Machine | Pyrodigy Technical Production<\/title>\n<meta name=\"description\" content=\"Kurubuz A\u011f\u0131r Sis makinesi , g\u00fc\u00e7l\u00fc bir a\u011f\u0131r sis makinesidir. Daha fazla bilgi i\u00e7in bize ula\u015fabilirsiniz.\" \/>\n<meta name=\"robots\" content=\"index, follow, max-snippet:-1, max-image-preview:large, max-video-preview:-1\" \/>\n<link rel=\"canonical\" href=\"https:\/\/pyrodigy.com\/en\/products\/fog-and-bubble-machine\/\" \/>\n<meta property=\"og:locale\" content=\"en_US\" \/>\n<meta property=\"og:type\" content=\"article\" \/>\n<meta property=\"og:title\" content=\"Fog and Bubble Machine | Pyrodigy Technical Production\" \/>\n<meta property=\"og:description\" content=\"Kurubuz A\u011f\u0131r Sis makinesi , g\u00fc\u00e7l\u00fc bir a\u011f\u0131r sis makinesidir. Daha fazla bilgi i\u00e7in bize ula\u015fabilirsiniz.\" \/>\n<meta property=\"og:url\" content=\"https:\/\/pyrodigy.com\/en\/products\/fog-and-bubble-machine\/\" \/>\n<meta property=\"og:site_name\" content=\"Pyrodigy Technical Production\" \/>\n<meta property=\"article:modified_time\" content=\"2023-04-18T02:46:09+00:00\" \/>\n<meta property=\"og:image\" content=\"https:\/\/pyrodigy.com\/wp-content\/uploads\/2020\/09\/Baloncuk-scaled.jpg\" \/>\n\t<meta property=\"og:image:width\" content=\"2560\" \/>\n\t<meta property=\"og:image:height\" content=\"1707\" \/>\n<meta name=\"twitter:card\" content=\"summary_large_image\" \/>\n<meta name=\"twitter:label1\" content=\"Written by\">\n\t<meta name=\"twitter:data1\" content=\"admin\">\n<script type=\"application\/ld+json\" class=\"yoast-schema-graph\">{\"@context\":\"https:\/\/schema.org\",\"@graph\":[{\"@type\":\"Organization\",\"@id\":\"https:\/\/pyrodigy.com\/#organization\",\"name\":\"Pyrodigy Technical Production\",\"url\":\"https:\/\/pyrodigy.com\/\",\"sameAs\":[],\"logo\":{\"@type\":\"ImageObject\",\"@id\":\"https:\/\/pyrodigy.com\/#logo\",\"inLanguage\":\"en-US\",\"url\":\"https:\/\/pyrodigy.com\/wp-content\/uploads\/2012\/06\/pyrodigy-logo.png\",\"width\":319,\"height\":109,\"caption\":\"Pyrodigy Technical Production\"},\"image\":{\"@id\":\"https:\/\/pyrodigy.com\/#logo\"}},{\"@type\":\"WebSite\",\"@id\":\"https:\/\/pyrodigy.com\/#website\",\"url\":\"https:\/\/pyrodigy.com\/\",\"name\":\"Pyrodigy Technical Production\",\"description\":\"Ger\\u00e7ekli\\u011fin \\u00d6tesinde\",\"publisher\":{\"@id\":\"https:\/\/pyrodigy.com\/#organization\"},\"potentialAction\":[{\"@type\":\"SearchAction\",\"target\":\"https:\/\/pyrodigy.com\/?s={search_term_string}\",\"query-input\":\"required name=search_term_string\"}],\"inLanguage\":\"en-US\"},{\"@type\":\"ImageObject\",\"@id\":\"https:\/\/pyrodigy.com\/en\/products\/fog-and-bubble-machine\/#primaryimage\",\"inLanguage\":\"en-US\",\"url\":\"https:\/\/pyrodigy.com\/wp-content\/uploads\/2020\/09\/Baloncuk-scaled.jpg\",\"width\":2560,\"height\":1707},{\"@type\":\"WebPage\",\"@id\":\"https:\/\/pyrodigy.com\/en\/products\/fog-and-bubble-machine\/#webpage\",\"url\":\"https:\/\/pyrodigy.com\/en\/products\/fog-and-bubble-machine\/\",\"name\":\"Fog and Bubble Machine | Pyrodigy Technical Production\",\"isPartOf\":{\"@id\":\"https:\/\/pyrodigy.com\/#website\"},\"primaryImageOfPage\":{\"@id\":\"https:\/\/pyrodigy.com\/en\/products\/fog-and-bubble-machine\/#primaryimage\"},\"datePublished\":\"2020-09-16T08:31:57+00:00\",\"dateModified\":\"2023-04-18T02:46:09+00:00\",\"description\":\"Kurubuz A\\u011f\\u0131r Sis makinesi , g\\u00fc\\u00e7l\\u00fc bir a\\u011f\\u0131r sis makinesidir. Daha fazla bilgi i\\u00e7in bize ula\\u015fabilirsiniz.\",\"breadcrumb\":{\"@id\":\"https:\/\/pyrodigy.com\/en\/products\/fog-and-bubble-machine\/#breadcrumb\"},\"inLanguage\":\"en-US\",\"potentialAction\":[{\"@type\":\"ReadAction\",\"target\":[\"https:\/\/pyrodigy.com\/en\/products\/fog-and-bubble-machine\/\"]}]},{\"@type\":\"BreadcrumbList\",\"@id\":\"https:\/\/pyrodigy.com\/en\/products\/fog-and-bubble-machine\/#breadcrumb\",\"itemListElement\":[{\"@type\":\"ListItem\",\"position\":1,\"item\":{\"@type\":\"WebPage\",\"@id\":\"https:\/\/pyrodigy.com\/\",\"url\":\"https:\/\/pyrodigy.com\/\",\"name\":\"Ana sayfa\"}},{\"@type\":\"ListItem\",\"position\":2,\"item\":{\"@type\":\"WebPage\",\"@id\":\"https:\/\/pyrodigy.com\/en\/products2\/\",\"url\":\"https:\/\/pyrodigy.com\/en\/products2\/\",\"name\":\"Products\"}},{\"@type\":\"ListItem\",\"position\":3,\"item\":{\"@type\":\"WebPage\",\"@id\":\"https:\/\/pyrodigy.com\/en\/urun-kategori\/products\/\",\"url\":\"https:\/\/pyrodigy.com\/en\/urun-kategori\/products\/\",\"name\":\"Products\"}},{\"@type\":\"ListItem\",\"position\":4,\"item\":{\"@type\":\"WebPage\",\"@id\":\"https:\/\/pyrodigy.com\/en\/products\/fog-and-bubble-machine\/\",\"url\":\"https:\/\/pyrodigy.com\/en\/products\/fog-and-bubble-machine\/\",\"name\":\"Fog and Bubble Machine\"}}]}]}<\/script>\n<!-- \/ Yoast SEO plugin. -->","_links":{"self":[{"href":"https:\/\/pyrodigy.com\/en\/wp-json\/wp\/v2\/product\/4022"}],"collection":[{"href":"https:\/\/pyrodigy.com\/en\/wp-json\/wp\/v2\/product"}],"about":[{"href":"https:\/\/pyrodigy.com\/en\/wp-json\/wp\/v2\/types\/product"}],"wp:featuredmedia":[{"embeddable":true,"href":"https:\/\/pyrodigy.com\/en\/wp-json\/wp\/v2\/media\/3803"}],"wp:attachment":[{"href":"https:\/\/pyrodigy.com\/en\/wp-json\/wp\/v2\/media?parent=4022"}],"curies":[{"name":"wp","href":"https:\/\/api.w.org\/{rel}","templated":true}]}}