{"id":4023,"date":"2020-09-23T13:22:20","date_gmt":"2020-09-23T10:22:20","guid":{"rendered":"https:\/\/pyrodigy.com\/urunlerimiz\/dmx-control-desk\/"},"modified":"2023-04-18T05:47:05","modified_gmt":"2023-04-18T02:47:05","slug":"dmx-control-desk","status":"publish","type":"product","link":"https:\/\/pyrodigy.com\/en\/products\/dmx-control-desk\/","title":{"rendered":"DMX Control Desk"},"content":{"rendered":"","protected":false},"excerpt":{"rendered":"<p><strong>What is DMX?<\/strong><\/p>\n<p>It is a protocol that works with RS485 interface. DMX data Normal value is at TTL level. It is one of the transport methods used to minimize data corruption when it will be sent over a long distance.<\/p>\n<p>DMX data flow is usually unidirectional. It has a rate of 250,000Baud. It is in asynchronous serial format. The data format structure is given very clearly in the links above. DMX data transmission form is mostly used to control sound-light systems. A data (8 bits) that can vary between 0-255 can be sent within each address. Receiver Receiver devices follow the dmx data rate, and look at the data in its content when it comes to its own. . It does whatever it needs to do with that data.<\/p>\n<p>&nbsp;<\/p>\n","protected":false},"featured_media":3867,"template":"","meta":[],"yoast_head":"<!-- This site is optimized with the Yoast SEO plugin v15.3 - https:\/\/yoast.com\/wordpress\/plugins\/seo\/ -->\n<title>DMX Control Desk | Pyrodigy Technical Production | Ger\u00e7ekli\u011fin \u00d6tesinde<\/title>\n<meta name=\"description\" content=\"It is one of the transport methods used to minimize data corruption when it will be sent over a long distance.\" \/>\n<meta name=\"robots\" content=\"index, follow, max-snippet:-1, max-image-preview:large, max-video-preview:-1\" \/>\n<link rel=\"canonical\" href=\"https:\/\/pyrodigy.com\/en\/products\/dmx-control-desk\/\" \/>\n<meta property=\"og:locale\" content=\"en_US\" \/>\n<meta property=\"og:type\" content=\"article\" \/>\n<meta property=\"og:title\" content=\"DMX Control Desk | Pyrodigy Technical Production | Ger\u00e7ekli\u011fin \u00d6tesinde\" \/>\n<meta property=\"og:description\" content=\"It is one of the transport methods used to minimize data corruption when it will be sent over a long distance.\" \/>\n<meta property=\"og:url\" content=\"https:\/\/pyrodigy.com\/en\/products\/dmx-control-desk\/\" \/>\n<meta property=\"og:site_name\" content=\"Pyrodigy Technical Production\" \/>\n<meta property=\"article:modified_time\" content=\"2023-04-18T02:47:05+00:00\" \/>\n<meta property=\"og:image\" content=\"https:\/\/pyrodigy.com\/wp-content\/uploads\/2020\/09\/ma3_timecode2-1-scaled.jpg\" \/>\n\t<meta property=\"og:image:width\" content=\"2560\" \/>\n\t<meta property=\"og:image:height\" content=\"2477\" \/>\n<meta name=\"twitter:card\" content=\"summary_large_image\" \/>\n<meta name=\"twitter:label1\" content=\"Written by\">\n\t<meta name=\"twitter:data1\" content=\"admin\">\n<script type=\"application\/ld+json\" class=\"yoast-schema-graph\">{\"@context\":\"https:\/\/schema.org\",\"@graph\":[{\"@type\":\"Organization\",\"@id\":\"https:\/\/pyrodigy.com\/#organization\",\"name\":\"Pyrodigy Technical Production\",\"url\":\"https:\/\/pyrodigy.com\/\",\"sameAs\":[],\"logo\":{\"@type\":\"ImageObject\",\"@id\":\"https:\/\/pyrodigy.com\/#logo\",\"inLanguage\":\"en-US\",\"url\":\"https:\/\/pyrodigy.com\/wp-content\/uploads\/2012\/06\/pyrodigy-logo.png\",\"width\":319,\"height\":109,\"caption\":\"Pyrodigy Technical Production\"},\"image\":{\"@id\":\"https:\/\/pyrodigy.com\/#logo\"}},{\"@type\":\"WebSite\",\"@id\":\"https:\/\/pyrodigy.com\/#website\",\"url\":\"https:\/\/pyrodigy.com\/\",\"name\":\"Pyrodigy Technical Production\",\"description\":\"Ger\\u00e7ekli\\u011fin \\u00d6tesinde\",\"publisher\":{\"@id\":\"https:\/\/pyrodigy.com\/#organization\"},\"potentialAction\":[{\"@type\":\"SearchAction\",\"target\":\"https:\/\/pyrodigy.com\/?s={search_term_string}\",\"query-input\":\"required name=search_term_string\"}],\"inLanguage\":\"en-US\"},{\"@type\":\"ImageObject\",\"@id\":\"https:\/\/pyrodigy.com\/en\/products\/dmx-control-desk\/#primaryimage\",\"inLanguage\":\"en-US\",\"url\":\"https:\/\/pyrodigy.com\/wp-content\/uploads\/2020\/09\/ma3_timecode2-1-scaled.jpg\",\"width\":2560,\"height\":2477},{\"@type\":\"WebPage\",\"@id\":\"https:\/\/pyrodigy.com\/en\/products\/dmx-control-desk\/#webpage\",\"url\":\"https:\/\/pyrodigy.com\/en\/products\/dmx-control-desk\/\",\"name\":\"DMX Control Desk | Pyrodigy Technical Production | Ger\\u00e7ekli\\u011fin \\u00d6tesinde\",\"isPartOf\":{\"@id\":\"https:\/\/pyrodigy.com\/#website\"},\"primaryImageOfPage\":{\"@id\":\"https:\/\/pyrodigy.com\/en\/products\/dmx-control-desk\/#primaryimage\"},\"datePublished\":\"2020-09-23T10:22:20+00:00\",\"dateModified\":\"2023-04-18T02:47:05+00:00\",\"description\":\"It is one of the transport methods used to minimize data corruption when it will be sent over a long distance.\",\"breadcrumb\":{\"@id\":\"https:\/\/pyrodigy.com\/en\/products\/dmx-control-desk\/#breadcrumb\"},\"inLanguage\":\"en-US\",\"potentialAction\":[{\"@type\":\"ReadAction\",\"target\":[\"https:\/\/pyrodigy.com\/en\/products\/dmx-control-desk\/\"]}]},{\"@type\":\"BreadcrumbList\",\"@id\":\"https:\/\/pyrodigy.com\/en\/products\/dmx-control-desk\/#breadcrumb\",\"itemListElement\":[{\"@type\":\"ListItem\",\"position\":1,\"item\":{\"@type\":\"WebPage\",\"@id\":\"https:\/\/pyrodigy.com\/\",\"url\":\"https:\/\/pyrodigy.com\/\",\"name\":\"Ana sayfa\"}},{\"@type\":\"ListItem\",\"position\":2,\"item\":{\"@type\":\"WebPage\",\"@id\":\"https:\/\/pyrodigy.com\/en\/products2\/\",\"url\":\"https:\/\/pyrodigy.com\/en\/products2\/\",\"name\":\"Products\"}},{\"@type\":\"ListItem\",\"position\":3,\"item\":{\"@type\":\"WebPage\",\"@id\":\"https:\/\/pyrodigy.com\/en\/urun-kategori\/products\/\",\"url\":\"https:\/\/pyrodigy.com\/en\/urun-kategori\/products\/\",\"name\":\"Products\"}},{\"@type\":\"ListItem\",\"position\":4,\"item\":{\"@type\":\"WebPage\",\"@id\":\"https:\/\/pyrodigy.com\/en\/products\/dmx-control-desk\/\",\"url\":\"https:\/\/pyrodigy.com\/en\/products\/dmx-control-desk\/\",\"name\":\"DMX Control Desk\"}}]}]}<\/script>\n<!-- \/ Yoast SEO plugin. -->","_links":{"self":[{"href":"https:\/\/pyrodigy.com\/en\/wp-json\/wp\/v2\/product\/4023"}],"collection":[{"href":"https:\/\/pyrodigy.com\/en\/wp-json\/wp\/v2\/product"}],"about":[{"href":"https:\/\/pyrodigy.com\/en\/wp-json\/wp\/v2\/types\/product"}],"wp:featuredmedia":[{"embeddable":true,"href":"https:\/\/pyrodigy.com\/en\/wp-json\/wp\/v2\/media\/3867"}],"wp:attachment":[{"href":"https:\/\/pyrodigy.com\/en\/wp-json\/wp\/v2\/media?parent=4023"}],"curies":[{"name":"wp","href":"https:\/\/api.w.org\/{rel}","templated":true}]}}